{"id":1768,"date":"2022-04-25T23:09:56","date_gmt":"2022-04-25T21:09:56","guid":{"rendered":"https:\/\/korculavelaluka.com\/transfers\/"},"modified":"2022-05-11T19:07:07","modified_gmt":"2022-05-11T17:07:07","slug":"transfers","status":"publish","type":"page","link":"https:\/\/korculavelaluka.com\/de\/transfers\/","title":{"rendered":"Transfers"},"content":{"rendered":"<div class=\"fusion-fullwidth fullwidth-box fusion-builder-row-1 fusion-flex-container nonhundred-percent-fullwidth non-hundred-percent-height-scrolling\" style=\"background-color: rgba(255,255,255,0);background-position: center center;background-repeat: no-repeat;border-width: 0px 0px 0px 0px;border-color:var(--awb-color3);border-style:solid;\" ><div class=\"fusion-builder-row fusion-row fusion-flex-align-items-flex-start\" style=\"max-width:1248px;margin-left: calc(-4% \/ 2 );margin-right: calc(-4% \/ 2 );\"><div class=\"fusion-layout-column fusion_builder_column fusion-builder-column-0 fusion_builder_column_1_2 1_2 fusion-flex-column\"><div class=\"fusion-column-wrapper fusion-flex-justify-content-flex-start fusion-content-layout-column\" style=\"background-position:left top;background-repeat:no-repeat;-webkit-background-size:cover;-moz-background-size:cover;-o-background-size:cover;background-size:cover;padding: 0px 0px 0px 0px;\"><div class=\"fusion-text fusion-text-1\"><p>Unsere Agentur bietet einen Transferservice mit dem Auto und dem Schnellboot bei Ankunft und Abreise von der Insel Korcula. Mit einem schnellen Boot bieten wir allen Fahrg\u00e4sten, die kurzfristig die Insel Korcula erreichen m\u00fcssen, eine komfortable, schnelle und sichere Fahrt, wodurch \u00fcberf\u00fcllte und langsame Schiffslinien vermieden werden.<\/p>\n<p>Wir bieten auch eine Besichtigung der Insel Korcula, t\u00e4gliche Ausfl\u00fcge zur Blaue H\u00f6hle , Proizd, Hvar, Vis, Lastovo und zu allen anderen Zielen an und vermieten unsere Boote auch t\u00e4glich.<\/p>\n<\/div><style type=\"text\/css\">@media only screen and (max-width:1024px) {.fusion-title.fusion-title-1{margin-top:10px!important; margin-right:0px!important;margin-bottom:15px!important;margin-left:0px!important;}}@media only screen and (max-width:640px) {.fusion-title.fusion-title-1{margin-top:10px!important; margin-right:0px!important;margin-bottom:10px!important; margin-left:0px!important;}}<\/style><div class=\"fusion-title title fusion-title-1 fusion-sep-none fusion-title-text fusion-title-size-two\" style=\"margin-top:10px;margin-right:0px;margin-bottom:15px;margin-left:0px;\"><h2 class=\"title-heading-left\" style=\"margin:0;\">Transferleistungen:<\/h2><\/div><ul class=\"fusion-checklist fusion-checklist-1\" style=\"font-size:16px;line-height:27.2px;\"><li style=\"background-color:rgba(255,255,255,0);\" class=\"fusion-li-item\"><span style=\"background-color:var(--awb-color5);font-size:14.08px;height:27.2px;width:27.2px;margin-right:11.2px;\" class=\"icon-wrapper circle-yes\"><i class=\"fusion-li-icon fa-angle-right fas\" style=\"color:var(--awb-color1);\" aria-hidden=\"true\"><\/i><\/span><div class=\"fusion-li-item-content\" style=\"margin-left:38.4px;color:var(--awb-color8);\">F\u00e4hrhafen Vela Luka<\/div><\/li><li style=\"background-color:rgba(255,255,255,0);\" class=\"fusion-li-item\"><span style=\"background-color:var(--awb-color5);font-size:14.08px;height:27.2px;width:27.2px;margin-right:11.2px;\" class=\"icon-wrapper circle-yes\"><i class=\"fusion-li-icon fa-angle-right fas\" style=\"color:var(--awb-color1);\" aria-hidden=\"true\"><\/i><\/span><div class=\"fusion-li-item-content\" style=\"margin-left:38.4px;color:var(--awb-color8);\">F\u00e4hrhafen von Korcula<\/div><\/li><li style=\"background-color:rgba(255,255,255,0);\" class=\"fusion-li-item\"><span style=\"background-color:var(--awb-color5);font-size:14.08px;height:27.2px;width:27.2px;margin-right:11.2px;\" class=\"icon-wrapper circle-yes\"><i class=\"fusion-li-icon fa-angle-right fas\" style=\"color:var(--awb-color1);\" aria-hidden=\"true\"><\/i><\/span><div class=\"fusion-li-item-content\" style=\"margin-left:38.4px;color:var(--awb-color8);\">Flughafen Dubrovnik<\/div><\/li><li style=\"background-color:rgba(255,255,255,0);\" class=\"fusion-li-item\"><span style=\"background-color:var(--awb-color5);font-size:14.08px;height:27.2px;width:27.2px;margin-right:11.2px;\" class=\"icon-wrapper circle-yes\"><i class=\"fusion-li-icon fa-angle-right fas\" style=\"color:var(--awb-color1);\" aria-hidden=\"true\"><\/i><\/span><div class=\"fusion-li-item-content\" style=\"margin-left:38.4px;color:var(--awb-color8);\">Stadt Split (mit dem Boot)<\/div><\/li><li style=\"background-color:rgba(255,255,255,0);\" class=\"fusion-li-item\"><span style=\"background-color:var(--awb-color5);font-size:14.08px;height:27.2px;width:27.2px;margin-right:11.2px;\" class=\"icon-wrapper circle-yes\"><i class=\"fusion-li-icon fa-angle-right fas\" style=\"color:var(--awb-color1);\" aria-hidden=\"true\"><\/i><\/span><div class=\"fusion-li-item-content\" style=\"margin-left:38.4px;color:var(--awb-color8);\">Flughafen Resnik (Schnellboot)<\/div><\/li><\/ul><div style=\"text-align:left;\"><style>.fusion-button.button-1{border-radius:4px 4px 4px 4px;}.fusion-button.button-1 .fusion-button-text{text-transform:uppercase;}<\/style><a class=\"fusion-button button-flat button-xlarge button-default button-1 fusion-button-default-span fusion-button-default-type\" target=\"_self\" href=\"https:\/\/korculavelaluka.com\/de\/kontakt\/\" style=\"margin-top:50px;\"><span class=\"fusion-button-text\">Kontaktiere uns<\/span><\/a><\/div><\/div><style type=\"text\/css\">.fusion-body .fusion-builder-column-0{width:50% !important;margin-top : 0px;margin-bottom : 20px;}.fusion-builder-column-0 > .fusion-column-wrapper {padding-top : 0px !important;padding-right : 0px !important;margin-right : 3.84%;padding-bottom : 0px !important;padding-left : 0px !important;margin-left : 3.84%;}@media only screen and (max-width:1024px) {.fusion-body .fusion-builder-column-0{width:50% !important;order : 0;}.fusion-builder-column-0 > .fusion-column-wrapper {margin-right : 3.84%;margin-left : 3.84%;}}@media only screen and (max-width:640px) {.fusion-body .fusion-builder-column-0{width:100% !important;order : 0;}.fusion-builder-column-0 > .fusion-column-wrapper {margin-right : 1.92%;margin-left : 1.92%;}}<\/style><\/div><div class=\"fusion-layout-column fusion_builder_column fusion-builder-column-1 fusion_builder_column_1_2 1_2 fusion-flex-column\"><div class=\"fusion-column-wrapper fusion-flex-justify-content-flex-start fusion-content-layout-column\" style=\"background-position:left top;background-repeat:no-repeat;-webkit-background-size:cover;-moz-background-size:cover;-o-background-size:cover;background-size:cover;padding: 0px 0px 0px 0px;\"><div ><span class=\" fusion-imageframe imageframe-none imageframe-1 hover-type-zoomin\" style=\"border-radius:45px;\"><img decoding=\"async\" width=\"700\" height=\"463\" alt=\"Opel insignia\" title=\"opel-insignia\" src=\"https:\/\/korculavelaluka.com\/wp-content\/uploads\/2022\/04\/opel-insignia.jpg\" class=\"img-responsive wp-image-182\" srcset=\"https:\/\/korculavelaluka.com\/wp-content\/uploads\/2022\/04\/opel-insignia-200x132.jpg 200w, https:\/\/korculavelaluka.com\/wp-content\/uploads\/2022\/04\/opel-insignia-400x265.jpg 400w, https:\/\/korculavelaluka.com\/wp-content\/uploads\/2022\/04\/opel-insignia-600x397.jpg 600w, https:\/\/korculavelaluka.com\/wp-content\/uploads\/2022\/04\/opel-insignia.jpg 700w\" sizes=\"(max-width: 640px) 100vw, 600px\" \/><\/span><\/div><div ><style>.fusion-imageframe.imageframe-2{ margin-top : 50px;}<\/style><span class=\" fusion-imageframe imageframe-none imageframe-2 hover-type-zoomin\" style=\"border-radius:45px;\"><img decoding=\"async\" width=\"700\" height=\"525\" title=\"boat transfers\" src=\"https:\/\/korculavelaluka.com\/wp-content\/uploads\/2022\/04\/boat-transfers.jpg\" alt class=\"img-responsive wp-image-187\" srcset=\"https:\/\/korculavelaluka.com\/wp-content\/uploads\/2022\/04\/boat-transfers-200x150.jpg 200w, https:\/\/korculavelaluka.com\/wp-content\/uploads\/2022\/04\/boat-transfers-400x300.jpg 400w, https:\/\/korculavelaluka.com\/wp-content\/uploads\/2022\/04\/boat-transfers-600x450.jpg 600w, https:\/\/korculavelaluka.com\/wp-content\/uploads\/2022\/04\/boat-transfers.jpg 700w\" sizes=\"(max-width: 640px) 100vw, 600px\" \/><\/span><\/div><\/div><style type=\"text\/css\">.fusion-body .fusion-builder-column-1{width:50% !important;margin-top : 0px;margin-bottom : 20px;}.fusion-builder-column-1 > .fusion-column-wrapper {padding-top : 0px !important;padding-right : 0px !important;margin-right : 3.84%;padding-bottom : 0px !important;padding-left : 0px !important;margin-left : 3.84%;}@media only screen and (max-width:1024px) {.fusion-body .fusion-builder-column-1{width:50% !important;order : 0;}.fusion-builder-column-1 > .fusion-column-wrapper {margin-right : 3.84%;margin-left : 3.84%;}}@media only screen and (max-width:640px) {.fusion-body .fusion-builder-column-1{width:100% !important;order : 0;}.fusion-builder-column-1 > .fusion-column-wrapper {margin-right : 1.92%;margin-left : 1.92%;}}<\/style><\/div><div class=\"fusion-layout-column fusion_builder_column fusion-builder-column-2 fusion_builder_column_1_2 1_2 fusion-flex-column\"><div class=\"fusion-column-wrapper fusion-flex-justify-content-flex-start fusion-content-layout-column\" style=\"background-position:left top;background-repeat:no-repeat;-webkit-background-size:cover;-moz-background-size:cover;-o-background-size:cover;background-size:cover;padding: 0px 0px 0px 0px;\"><\/div><style type=\"text\/css\">.fusion-body .fusion-builder-column-2{width:50% !important;margin-top : 0px;margin-bottom : 20px;}.fusion-builder-column-2 > .fusion-column-wrapper {padding-top : 0px !important;padding-right : 0px !important;margin-right : 3.84%;padding-bottom : 0px !important;padding-left : 0px !important;margin-left : 3.84%;}@media only screen and (max-width:1024px) {.fusion-body .fusion-builder-column-2{width:50% !important;order : 0;}.fusion-builder-column-2 > .fusion-column-wrapper {margin-right : 3.84%;margin-left : 3.84%;}}@media only screen and (max-width:640px) {.fusion-body .fusion-builder-column-2{width:100% !important;order : 0;}.fusion-builder-column-2 > .fusion-column-wrapper {margin-right : 1.92%;margin-left : 1.92%;}}<\/style><\/div><\/div><style type=\"text\/css\">.fusion-body .fusion-flex-container.fusion-builder-row-1{ padding-top : 0px;margin-top : 0px;padding-right : 0px;padding-bottom : 0px;margin-bottom : 0px;padding-left : 0px;}<\/style><\/div>\n","protected":false},"excerpt":{"rendered":"","protected":false},"author":1,"featured_media":0,"parent":0,"menu_order":0,"comment_status":"closed","ping_status":"closed","template":"","meta":{"footnotes":""},"class_list":["post-1768","page","type-page","status-publish","hentry"],"yoast_head":"<!-- This site is optimized with the Yoast SEO plugin v20.5 - https:\/\/yoast.com\/wordpress\/plugins\/seo\/ -->\n<title>Transfers - Tourist Info Agency - Kor\u010dula Vela Luka<\/title>\n<meta name=\"description\" content=\"Unsere Agentur bietet einen Transferservice mit dem Auto und dem Schnellboot bei Ankunft und Abreise von der Insel Korcula.\" \/>\n<meta name=\"robots\" content=\"index, follow, max-snippet:-1, max-image-preview:large, max-video-preview:-1\" \/>\n<link rel=\"canonical\" href=\"https:\/\/korculavelaluka.com\/de\/transfers\/\" \/>\n<meta property=\"og:locale\" content=\"de_DE\" \/>\n<meta property=\"og:type\" content=\"article\" \/>\n<meta property=\"og:title\" content=\"Transfers - Tourist Info Agency - Kor\u010dula Vela Luka\" \/>\n<meta property=\"og:description\" content=\"Unsere Agentur bietet einen Transferservice mit dem Auto und dem Schnellboot bei Ankunft und Abreise von der Insel Korcula.\" \/>\n<meta property=\"og:url\" content=\"https:\/\/korculavelaluka.com\/de\/transfers\/\" \/>\n<meta property=\"og:site_name\" content=\"Tourist Info Agency - Kor\u010dula Vela Luka\" \/>\n<meta property=\"article:modified_time\" content=\"2022-05-11T17:07:07+00:00\" \/>\n<meta name=\"twitter:card\" content=\"summary_large_image\" \/>\n<meta name=\"twitter:label1\" content=\"Gesch\u00e4tzte Lesezeit\" \/>\n\t<meta name=\"twitter:data1\" content=\"7\u00a0Minuten\" \/>\n<script type=\"application\/ld+json\" class=\"yoast-schema-graph\">{\"@context\":\"https:\/\/schema.org\",\"@graph\":[{\"@type\":\"WebPage\",\"@id\":\"https:\/\/korculavelaluka.com\/de\/transfers\/\",\"url\":\"https:\/\/korculavelaluka.com\/de\/transfers\/\",\"name\":\"Transfers - Tourist Info Agency - Kor\u010dula Vela Luka\",\"isPartOf\":{\"@id\":\"https:\/\/korculavelaluka.com\/#website\"},\"datePublished\":\"2022-04-25T21:09:56+00:00\",\"dateModified\":\"2022-05-11T17:07:07+00:00\",\"description\":\"Unsere Agentur bietet einen Transferservice mit dem Auto und dem Schnellboot bei Ankunft und Abreise von der Insel Korcula.\",\"breadcrumb\":{\"@id\":\"https:\/\/korculavelaluka.com\/de\/transfers\/#breadcrumb\"},\"inLanguage\":\"de\",\"potentialAction\":[{\"@type\":\"ReadAction\",\"target\":[\"https:\/\/korculavelaluka.com\/de\/transfers\/\"]}]},{\"@type\":\"BreadcrumbList\",\"@id\":\"https:\/\/korculavelaluka.com\/de\/transfers\/#breadcrumb\",\"itemListElement\":[{\"@type\":\"ListItem\",\"position\":1,\"name\":\"Home\",\"item\":\"https:\/\/korculavelaluka.com\/de\/\"},{\"@type\":\"ListItem\",\"position\":2,\"name\":\"Transfers\"}]},{\"@type\":\"WebSite\",\"@id\":\"https:\/\/korculavelaluka.com\/#website\",\"url\":\"https:\/\/korculavelaluka.com\/\",\"name\":\"Tourist Info Agency - Kor\u010dula Vela Luka\",\"description\":\"Transfers and rentals in Vela Luka on Korcula island Croatia.\",\"publisher\":{\"@id\":\"https:\/\/korculavelaluka.com\/#organization\"},\"potentialAction\":[{\"@type\":\"SearchAction\",\"target\":{\"@type\":\"EntryPoint\",\"urlTemplate\":\"https:\/\/korculavelaluka.com\/?s={search_term_string}\"},\"query-input\":\"required name=search_term_string\"}],\"inLanguage\":\"de\"},{\"@type\":\"Organization\",\"@id\":\"https:\/\/korculavelaluka.com\/#organization\",\"name\":\"TOURIST INFO Travel Agency\",\"url\":\"https:\/\/korculavelaluka.com\/\",\"logo\":{\"@type\":\"ImageObject\",\"inLanguage\":\"de\",\"@id\":\"https:\/\/korculavelaluka.com\/#\/schema\/logo\/image\/\",\"url\":\"https:\/\/korculavelaluka.com\/wp-content\/uploads\/2022\/04\/logo.png\",\"contentUrl\":\"https:\/\/korculavelaluka.com\/wp-content\/uploads\/2022\/04\/logo.png\",\"width\":200,\"height\":72,\"caption\":\"TOURIST INFO Travel Agency\"},\"image\":{\"@id\":\"https:\/\/korculavelaluka.com\/#\/schema\/logo\/image\/\"}}]}<\/script>\n<!-- \/ Yoast SEO plugin. -->","yoast_head_json":{"title":"Transfers - Tourist Info Agency - Kor\u010dula Vela Luka","description":"Unsere Agentur bietet einen Transferservice mit dem Auto und dem Schnellboot bei Ankunft und Abreise von der Insel Korcula.","robots":{"index":"index","follow":"follow","max-snippet":"max-snippet:-1","max-image-preview":"max-image-preview:large","max-video-preview":"max-video-preview:-1"},"canonical":"https:\/\/korculavelaluka.com\/de\/transfers\/","og_locale":"de_DE","og_type":"article","og_title":"Transfers - Tourist Info Agency - Kor\u010dula Vela Luka","og_description":"Unsere Agentur bietet einen Transferservice mit dem Auto und dem Schnellboot bei Ankunft und Abreise von der Insel Korcula.","og_url":"https:\/\/korculavelaluka.com\/de\/transfers\/","og_site_name":"Tourist Info Agency - Kor\u010dula Vela Luka","article_modified_time":"2022-05-11T17:07:07+00:00","twitter_card":"summary_large_image","twitter_misc":{"Gesch\u00e4tzte Lesezeit":"7\u00a0Minuten"},"schema":{"@context":"https:\/\/schema.org","@graph":[{"@type":"WebPage","@id":"https:\/\/korculavelaluka.com\/de\/transfers\/","url":"https:\/\/korculavelaluka.com\/de\/transfers\/","name":"Transfers - Tourist Info Agency - Kor\u010dula Vela Luka","isPartOf":{"@id":"https:\/\/korculavelaluka.com\/#website"},"datePublished":"2022-04-25T21:09:56+00:00","dateModified":"2022-05-11T17:07:07+00:00","description":"Unsere Agentur bietet einen Transferservice mit dem Auto und dem Schnellboot bei Ankunft und Abreise von der Insel Korcula.","breadcrumb":{"@id":"https:\/\/korculavelaluka.com\/de\/transfers\/#breadcrumb"},"inLanguage":"de","potentialAction":[{"@type":"ReadAction","target":["https:\/\/korculavelaluka.com\/de\/transfers\/"]}]},{"@type":"BreadcrumbList","@id":"https:\/\/korculavelaluka.com\/de\/transfers\/#breadcrumb","itemListElement":[{"@type":"ListItem","position":1,"name":"Home","item":"https:\/\/korculavelaluka.com\/de\/"},{"@type":"ListItem","position":2,"name":"Transfers"}]},{"@type":"WebSite","@id":"https:\/\/korculavelaluka.com\/#website","url":"https:\/\/korculavelaluka.com\/","name":"Tourist Info Agency - Kor\u010dula Vela Luka","description":"Transfers and rentals in Vela Luka on Korcula island Croatia.","publisher":{"@id":"https:\/\/korculavelaluka.com\/#organization"},"potentialAction":[{"@type":"SearchAction","target":{"@type":"EntryPoint","urlTemplate":"https:\/\/korculavelaluka.com\/?s={search_term_string}"},"query-input":"required name=search_term_string"}],"inLanguage":"de"},{"@type":"Organization","@id":"https:\/\/korculavelaluka.com\/#organization","name":"TOURIST INFO Travel Agency","url":"https:\/\/korculavelaluka.com\/","logo":{"@type":"ImageObject","inLanguage":"de","@id":"https:\/\/korculavelaluka.com\/#\/schema\/logo\/image\/","url":"https:\/\/korculavelaluka.com\/wp-content\/uploads\/2022\/04\/logo.png","contentUrl":"https:\/\/korculavelaluka.com\/wp-content\/uploads\/2022\/04\/logo.png","width":200,"height":72,"caption":"TOURIST INFO Travel Agency"},"image":{"@id":"https:\/\/korculavelaluka.com\/#\/schema\/logo\/image\/"}}]}},"_links":{"self":[{"href":"https:\/\/korculavelaluka.com\/de\/wp-json\/wp\/v2\/pages\/1768","targetHints":{"allow":["GET"]}}],"collection":[{"href":"https:\/\/korculavelaluka.com\/de\/wp-json\/wp\/v2\/pages"}],"about":[{"href":"https:\/\/korculavelaluka.com\/de\/wp-json\/wp\/v2\/types\/page"}],"author":[{"embeddable":true,"href":"https:\/\/korculavelaluka.com\/de\/wp-json\/wp\/v2\/users\/1"}],"replies":[{"embeddable":true,"href":"https:\/\/korculavelaluka.com\/de\/wp-json\/wp\/v2\/comments?post=1768"}],"version-history":[{"count":3,"href":"https:\/\/korculavelaluka.com\/de\/wp-json\/wp\/v2\/pages\/1768\/revisions"}],"predecessor-version":[{"id":1771,"href":"https:\/\/korculavelaluka.com\/de\/wp-json\/wp\/v2\/pages\/1768\/revisions\/1771"}],"wp:attachment":[{"href":"https:\/\/korculavelaluka.com\/de\/wp-json\/wp\/v2\/media?parent=1768"}],"curies":[{"name":"wp","href":"https:\/\/api.w.org\/{rel}","templated":true}]}}