{"id":1873,"date":"2022-05-02T15:44:24","date_gmt":"2022-05-02T13:44:24","guid":{"rendered":"https:\/\/korculavelaluka.com\/terms-and-conditions\/"},"modified":"2022-05-09T17:42:09","modified_gmt":"2022-05-09T15:42:09","slug":"terms-and-conditions","status":"publish","type":"page","link":"https:\/\/korculavelaluka.com\/de\/terms-and-conditions\/","title":{"rendered":"Allgemeine gesch\u00e4ftsbedingungen"},"content":{"rendered":"<p>Wir m\u00f6chten, dass Sie mit gr\u00f6\u00dfter Sicherheit zum Ihren Ziel reisen, ohne sich um \u00dcberraschungen oder unerwartete Dinge k\u00fcmmern zu m\u00fcssen. Dieser Abschnitt enth\u00e4lt die allgemeinen Mietbedingungen, die Sie bei der \u00dcbernahme Ihres Fahrzeugs an unseren Standorten best\u00e4tigen m\u00fcssen. Bitte schauen Sie sich vor der Buchung alles an. Auf diese Weise sparen Sie Zeit bei der \u00dcbernahme und Sie werden Ihre Reise angenehm beginnen. Vielen Dank! Tourist Info Travel Agency<\/p>\n<p>&nbsp;<\/p>\n<p><strong><u>Mietinformationen<\/u><\/strong><\/p>\n<ul>\n<li>Kostenfreie Stornierung: Kostenlose Stornierung bis 48 Stunden vor Ankunft.<\/li>\n<li>Verkehrsverst\u00f6\u00dfe, Verkehrsstrafen und Verwaltungssanktionen: Bu\u00dfgelder und anh\u00e4ngige Verwaltungssanktionen, die sich aus einem Versto\u00df gegen das kroatische Verkehrsgesetz w\u00e4hrend der Mietzeit ergeben, liegen ausschlie\u00dflich in der Verantwortung des Mieters. Wenn eine solche Verwaltungssanktion dem Unternehmen am Ende der Mietdauer nicht mitgeteilt wird, wird der Versto\u00df dem Mieter in Rechnung gestellt.<\/li>\n<li>Kilometerbegrenzung: Unbegrenzt<\/li>\n<li>Kroatische Steuern: Alle online angebotenen Preise und Angebote enthalten die 25% Mehrwertsteuer.<\/li>\n<li>Kindersitz und Sitzerh\u00f6hung: Informieren Sie uns einfach \u00fcber das Alter Ihrer kleinen Familienmitglieder und w\u00e4hlen Sie den richtigen Kindersitz aus. Ein St\u00fcck kostet 5 EUR\/Tag, zahlbar bei Ankunft. Alles wird berechnet, bevor Sie Ihre Reservierung abschlie\u00dfen.<\/li>\n<li>F\u00fcr Lieferungen au\u00dferhalb der \u00d6ffnungszeiten (22:00 \u2013 07:00 Uhr) wird eine Geb\u00fchr in H\u00f6he von 20 EUR erhoben. Eine Versp\u00e4tung von 1 Stunde ist akzeptabel und kostenlos.<\/li>\n<li>Erste Stunde der Verz\u00f6gerung w\u00e4hrend der R\u00fcckgabe wird nicht berechnet, solange wir dar\u00fcber informiert werden. Die n\u00e4chsten 2 Stunden werden 10 EUR\/Tag berechnet. Bei einer Verz\u00f6gerung \u00fcber 3 Stunden wird ein ganzer Tag berechnet.<\/li>\n<\/ul>\n<p><strong><u>Ihre Verpflichtung im Falle eines Autounfalls<\/u><\/strong><\/p>\n<p><strong>Bei einem Unfall, Fahrzeugschaden, Diebstahl, Verlust oder \u00e4hnlichen Umst\u00e4nden ist der Fahrer verpflichtet:<\/strong><\/p>\n<ul>\n<li>Melden Sie diesen Vorfall sofort der Polizei.<\/li>\n<li>Melden Sie den Vorfall der Reiseb\u00fcro Autovermietung (telefonisch oder per E-Mail).<\/li>\n<li>Notieren Sie alle Teilnehmer des Vorfalls.<\/li>\n<li>Hinweis: Falls kleinere Unf\u00e4lle (Kratzer oder \u00c4hnliches) auftreten, m\u00fcssen Sie dies Reiseb\u00fcro Autovermietung melden.<\/li>\n<\/ul>\n<p>&nbsp;<\/p>\n<p><strong><u>Zahlung<\/u><\/strong><\/p>\n<p><strong>Die Zahlung erfolgt bei der Ankunft am Mietwagenschalter am Anfang Ihrer Mietzeit, finden Sie die Zahlungsm\u00f6glichkeiten:<\/strong><\/p>\n<ul>\n<li>Hinweis: Wir akzeptieren CASH, American Express, Diners Club, MasterCard, Visa f\u00fcr die Zahlung f\u00fcr Mietwagen. F\u00fcr die Kaution ist eine Kreditkarte obligatorisch.<\/li>\n<li>Mietkaution und Selbstbeteiligung: Wenn Sie Ihr Fahrzeug mieten werden wir eine Vorautorisierung von {abh\u00e4ngig von der Fahrzeugkategorie} auf Ihrer Kreditkarte vornehmen. Die Vorautorisierung wird automatisch freigegeben wenn w\u00e4hrend der Mietzeit kein Diebstahl oder Schaden entstanden ist. Wenn das Mietfahrzeug besch\u00e4digt ist, haften Sie bis zu dem abzugsf\u00e4higen Betrag von {abh\u00e4ngig von der Fahrzeugkategorie} und die Standard-Kfz-Versicherungspolice \u00fcbernimmt den Rest.<\/li>\n<li>Verkehrsverst\u00f6\u00dfe sind nicht durch Versicherungspakete abgedeckt. Der vorab autorisierte Betrag wird automatisch freigegeben, wenn w\u00e4hrend Ihrer Mietzeit keine Verkehrsverst\u00f6\u00dfe auftreten.<\/li>\n<li>Alle Geb\u00fchren auf Ihrer Kreditkarte werden in Kroatischer Kuna (KN) angegeben, sofern nicht anders angegeben.<\/li>\n<\/ul>\n<p><strong><u>R\u00fcckgabe des Autos<\/u><\/strong><\/p>\n<ul>\n<li>Das Fahrzeug muss w\u00e4hrend der \u00d6ffnungszeiten zur\u00fcckgegeben werden oder wie in dem Buchungsbeleg vereinbart der Ihnen per E-Mail zugesendet wird. Es ist nicht erlaubt das Auto au\u00dferhalb der R\u00fcckgabeorte und \u00d6ffnungszeiten zur\u00fcckgeben. Die Mietkosten werden fortgef\u00fchrt und Sie haften weiterhin f\u00fcr Sch\u00e4den.<\/li>\n<li>Eine Versp\u00e4tung von 1 Stunde ist akzeptabel und kostenlos.<\/li>\n<li>Dem Kunden wird ein sauberes Fahrzeug zur Verf\u00fcgung gestellt und das Fahrzeug soll in demselben Zustand zur\u00fcckgegeben werden.<\/li>\n<li>Extrem dreckige Fahrzeuginnenr\u00e4ume und verschmutzte Sitze werden dem Kunden vor Ort bei der Fahrzeugabgabe in H\u00f6he von 60 EUR in Rechnung gestellt.<\/li>\n<li>Keine R\u00fcckerstattung f\u00fcr die vorzeitige R\u00fcckgabe des Autos.<\/li>\n<li>Der Mieter muss das Fahrzeug mit dem gleichen Kraftstoffstand wie erhalten zur\u00fcckgeben.<\/li>\n<\/ul>\n<p><strong><u>Verbotene Nutzung des gemieteten Fahrzeugs<\/u><\/strong><\/p>\n<p><strong>Es ist verboten:<\/strong><\/p>\n<ul>\n<li>Fahrzeuge an Dritte Personen zu vermieten oder zu verleihen.<\/li>\n<li>Das gemietete Fahrzeug mit Personen oder G\u00fctern \u00fcber dem zul\u00e4ssigen H\u00f6chstwert zu \u00fcberlasten.<\/li>\n<li>Das Fahrzeug ohne Zustimmung des Vermieters au\u00dferhalb der erlaubten L\u00e4nder zu fahren.<\/li>\n<li>Entz\u00fcndliche, explosive oder korrosive Materialien im Fahrzeug mitzuf\u00fchren.<\/li>\n<li>Das Fahrzeug auf einer unbefestigten Stra\u00dfe zu fahren.<\/li>\n<li>Das Fahrzeug f\u00fcr illegale Zwecke zu benutzen (zB im Zusammenhang mit Straftaten, Zoll oder Devisenrechtsverletzungen), das Fahrzeug auf Anh\u00e4ngern abzuschleppen oder an Motorsportveranstaltungen teilzunehmen.<\/li>\n<li>Einer Person das F\u00fchren des Fahrzeugs zu gestatten, die kein im Mietvertrag registrierter autorisierter Fahrer ist.<\/li>\n<li><strong><u>Kosten die nicht abgedeckt sind:<\/u><\/strong><\/li>\n<\/ul>\n<p><strong>Der Mieter erkennt die pers\u00f6nliche Verpflichtung an, den Vermieter auf dessen erstes Verlangen zu bezahlen:<\/strong><\/p>\n<ul>\n<li>Schadenersatz f\u00fcr das Mietauto w\u00e4hrend der Mietzeit und Entsch\u00e4digung f\u00fcr die Zeit, die w\u00e4hrend der Reparatur des Fahrzeugs verloren geht.<\/li>\n<li>Steuern, Inkassogeb\u00fchren, Bewertungsgeb\u00fchren, Abschlepp- und Fahrzeugabholung, Lagerung, Servicegeb\u00fchren, Anwaltskosten f\u00fcr unregelm\u00e4\u00dfigen Parkverkehr oder andere rechtswidrige Verletzungskosten. Der Mieter ist verantwortlich f\u00fcr Verkehrsverst\u00f6\u00dfe, die er selbst nach Beendigung der Mietzeit verursacht hat. Wenn der Vermieter ein Datum festlegt an dem der Mieter einen der oben genannten Gegenst\u00e4nde bezahlt und der Mieter sich nicht an diese Frist h\u00e4lt, verpflichtet sich der Mieter den Betrag mit seinem pers\u00f6nlichen Eigentum oder seinen pers\u00f6nlichen Eink\u00fcnften ohne vorherige gerichtliche Verurteilung zu decken.<\/li>\n<li>Verlust oder Diebstahl von pers\u00f6nlichen Gegenst\u00e4nden aus dem gemieteten Fahrzeug.<\/li>\n<li>Wenn Sie das Fahrzeug mit einer falschen Kraftstoffsorte f\u00fcllen, m\u00fcssen Sie die vollen Kosten f\u00fcr den daraus resultierenden Verlust oder Schaden \u00fcbernehmen.<\/li>\n<li>Verlust des Fahrzeugs durch die Nutzung des Fahrzeugs f\u00fcr illegale Zwecke.<\/li>\n<li>Besch\u00e4digter Fahrzeuginnenraum, au\u00dfer wenn er durch Kollision verursacht wird.<\/li>\n<li>Sie haben die Bedingungen dieses Mietvertrags nicht eingehalten und dieser Versto\u00df hat einen kausalen Zusammenhang mit dem Verlust oder Besch\u00e4digung.<\/li>\n<li>Wenn eines der urspr\u00fcnglichen Fahrzeugteile oder Zubeh\u00f6rteile ersetzt wurde oder fehlt ohne das Reiseb\u00fcro Autovermietung es genehmigt hat.<\/li>\n<li>Wenn Sie das gemietete Fahrzeug unter Einfluss von Drogen oder Alkohol fahren und dies zu Verlust oder Besch\u00e4digung f\u00fchrt.<\/li>\n<li>Wenn das Fahrzeug gestohlen wird, weil Sie es nicht abgeschlossen haben.<\/li>\n<li>Wenn Sie das Fahrzeug einer Person zur Verf\u00fcgung gestellt haben die nicht berechtigt ist es zu fahren, und dies zu einem Fahrzeugschaden oder Verlust des gemieteten Fahrzeugs f\u00fchrt.<\/li>\n<\/ul>\n","protected":false},"excerpt":{"rendered":"<p>Wir m\u00f6chten, dass Sie mit gr\u00f6\u00dfter Sicherheit zum Ihren Ziel reisen, ohne sich um \u00dcberraschungen oder unerwartete Dinge k\u00fcmmern zu m\u00fcssen. Dieser Abschnitt enth\u00e4lt die allgemeinen Mietbedingungen, die Sie bei [&hellip;]<\/p>\n","protected":false},"author":1,"featured_media":0,"parent":0,"menu_order":0,"comment_status":"closed","ping_status":"closed","template":"","meta":{"footnotes":""},"class_list":["post-1873","page","type-page","status-publish","hentry"],"yoast_head":"<!-- This site is optimized with the Yoast SEO plugin v20.5 - https:\/\/yoast.com\/wordpress\/plugins\/seo\/ -->\n<title>Allgemeine gesch\u00e4ftsbedingungen - Tourist Info Agency - Kor\u010dula Vela Luka<\/title>\n<meta name=\"robots\" content=\"index, follow, max-snippet:-1, max-image-preview:large, max-video-preview:-1\" \/>\n<link rel=\"canonical\" href=\"https:\/\/korculavelaluka.com\/de\/terms-and-conditions\/\" \/>\n<meta property=\"og:locale\" content=\"de_DE\" \/>\n<meta property=\"og:type\" content=\"article\" \/>\n<meta property=\"og:title\" content=\"Allgemeine gesch\u00e4ftsbedingungen - Tourist Info Agency - Kor\u010dula Vela Luka\" \/>\n<meta property=\"og:description\" content=\"Wir m\u00f6chten, dass Sie mit gr\u00f6\u00dfter Sicherheit zum Ihren Ziel reisen, ohne sich um \u00dcberraschungen oder unerwartete Dinge k\u00fcmmern zu m\u00fcssen. Dieser Abschnitt enth\u00e4lt die allgemeinen Mietbedingungen, die Sie bei [&hellip;]\" \/>\n<meta property=\"og:url\" content=\"https:\/\/korculavelaluka.com\/de\/terms-and-conditions\/\" \/>\n<meta property=\"og:site_name\" content=\"Tourist Info Agency - Kor\u010dula Vela Luka\" \/>\n<meta property=\"article:modified_time\" content=\"2022-05-09T15:42:09+00:00\" \/>\n<meta name=\"twitter:card\" content=\"summary_large_image\" \/>\n<meta name=\"twitter:label1\" content=\"Gesch\u00e4tzte Lesezeit\" \/>\n\t<meta name=\"twitter:data1\" content=\"5\u00a0Minuten\" \/>\n<script type=\"application\/ld+json\" class=\"yoast-schema-graph\">{\"@context\":\"https:\/\/schema.org\",\"@graph\":[{\"@type\":\"WebPage\",\"@id\":\"https:\/\/korculavelaluka.com\/de\/terms-and-conditions\/\",\"url\":\"https:\/\/korculavelaluka.com\/de\/terms-and-conditions\/\",\"name\":\"Allgemeine gesch\u00e4ftsbedingungen - Tourist Info Agency - Kor\u010dula Vela Luka\",\"isPartOf\":{\"@id\":\"https:\/\/korculavelaluka.com\/#website\"},\"datePublished\":\"2022-05-02T13:44:24+00:00\",\"dateModified\":\"2022-05-09T15:42:09+00:00\",\"breadcrumb\":{\"@id\":\"https:\/\/korculavelaluka.com\/de\/terms-and-conditions\/#breadcrumb\"},\"inLanguage\":\"de\",\"potentialAction\":[{\"@type\":\"ReadAction\",\"target\":[\"https:\/\/korculavelaluka.com\/de\/terms-and-conditions\/\"]}]},{\"@type\":\"BreadcrumbList\",\"@id\":\"https:\/\/korculavelaluka.com\/de\/terms-and-conditions\/#breadcrumb\",\"itemListElement\":[{\"@type\":\"ListItem\",\"position\":1,\"name\":\"Home\",\"item\":\"https:\/\/korculavelaluka.com\/de\/\"},{\"@type\":\"ListItem\",\"position\":2,\"name\":\"Allgemeine gesch\u00e4ftsbedingungen\"}]},{\"@type\":\"WebSite\",\"@id\":\"https:\/\/korculavelaluka.com\/#website\",\"url\":\"https:\/\/korculavelaluka.com\/\",\"name\":\"Tourist Info Agency - Kor\u010dula Vela Luka\",\"description\":\"Transfers and rentals in Vela Luka on Korcula island Croatia.\",\"publisher\":{\"@id\":\"https:\/\/korculavelaluka.com\/#organization\"},\"potentialAction\":[{\"@type\":\"SearchAction\",\"target\":{\"@type\":\"EntryPoint\",\"urlTemplate\":\"https:\/\/korculavelaluka.com\/?s={search_term_string}\"},\"query-input\":\"required name=search_term_string\"}],\"inLanguage\":\"de\"},{\"@type\":\"Organization\",\"@id\":\"https:\/\/korculavelaluka.com\/#organization\",\"name\":\"TOURIST INFO Travel Agency\",\"url\":\"https:\/\/korculavelaluka.com\/\",\"logo\":{\"@type\":\"ImageObject\",\"inLanguage\":\"de\",\"@id\":\"https:\/\/korculavelaluka.com\/#\/schema\/logo\/image\/\",\"url\":\"https:\/\/korculavelaluka.com\/wp-content\/uploads\/2022\/04\/logo.png\",\"contentUrl\":\"https:\/\/korculavelaluka.com\/wp-content\/uploads\/2022\/04\/logo.png\",\"width\":200,\"height\":72,\"caption\":\"TOURIST INFO Travel Agency\"},\"image\":{\"@id\":\"https:\/\/korculavelaluka.com\/#\/schema\/logo\/image\/\"}}]}<\/script>\n<!-- \/ Yoast SEO plugin. -->","yoast_head_json":{"title":"Allgemeine gesch\u00e4ftsbedingungen - Tourist Info Agency - Kor\u010dula Vela Luka","robots":{"index":"index","follow":"follow","max-snippet":"max-snippet:-1","max-image-preview":"max-image-preview:large","max-video-preview":"max-video-preview:-1"},"canonical":"https:\/\/korculavelaluka.com\/de\/terms-and-conditions\/","og_locale":"de_DE","og_type":"article","og_title":"Allgemeine gesch\u00e4ftsbedingungen - Tourist Info Agency - Kor\u010dula Vela Luka","og_description":"Wir m\u00f6chten, dass Sie mit gr\u00f6\u00dfter Sicherheit zum Ihren Ziel reisen, ohne sich um \u00dcberraschungen oder unerwartete Dinge k\u00fcmmern zu m\u00fcssen. Dieser Abschnitt enth\u00e4lt die allgemeinen Mietbedingungen, die Sie bei [&hellip;]","og_url":"https:\/\/korculavelaluka.com\/de\/terms-and-conditions\/","og_site_name":"Tourist Info Agency - Kor\u010dula Vela Luka","article_modified_time":"2022-05-09T15:42:09+00:00","twitter_card":"summary_large_image","twitter_misc":{"Gesch\u00e4tzte Lesezeit":"5\u00a0Minuten"},"schema":{"@context":"https:\/\/schema.org","@graph":[{"@type":"WebPage","@id":"https:\/\/korculavelaluka.com\/de\/terms-and-conditions\/","url":"https:\/\/korculavelaluka.com\/de\/terms-and-conditions\/","name":"Allgemeine gesch\u00e4ftsbedingungen - Tourist Info Agency - Kor\u010dula Vela Luka","isPartOf":{"@id":"https:\/\/korculavelaluka.com\/#website"},"datePublished":"2022-05-02T13:44:24+00:00","dateModified":"2022-05-09T15:42:09+00:00","breadcrumb":{"@id":"https:\/\/korculavelaluka.com\/de\/terms-and-conditions\/#breadcrumb"},"inLanguage":"de","potentialAction":[{"@type":"ReadAction","target":["https:\/\/korculavelaluka.com\/de\/terms-and-conditions\/"]}]},{"@type":"BreadcrumbList","@id":"https:\/\/korculavelaluka.com\/de\/terms-and-conditions\/#breadcrumb","itemListElement":[{"@type":"ListItem","position":1,"name":"Home","item":"https:\/\/korculavelaluka.com\/de\/"},{"@type":"ListItem","position":2,"name":"Allgemeine gesch\u00e4ftsbedingungen"}]},{"@type":"WebSite","@id":"https:\/\/korculavelaluka.com\/#website","url":"https:\/\/korculavelaluka.com\/","name":"Tourist Info Agency - Kor\u010dula Vela Luka","description":"Transfers and rentals in Vela Luka on Korcula island Croatia.","publisher":{"@id":"https:\/\/korculavelaluka.com\/#organization"},"potentialAction":[{"@type":"SearchAction","target":{"@type":"EntryPoint","urlTemplate":"https:\/\/korculavelaluka.com\/?s={search_term_string}"},"query-input":"required name=search_term_string"}],"inLanguage":"de"},{"@type":"Organization","@id":"https:\/\/korculavelaluka.com\/#organization","name":"TOURIST INFO Travel Agency","url":"https:\/\/korculavelaluka.com\/","logo":{"@type":"ImageObject","inLanguage":"de","@id":"https:\/\/korculavelaluka.com\/#\/schema\/logo\/image\/","url":"https:\/\/korculavelaluka.com\/wp-content\/uploads\/2022\/04\/logo.png","contentUrl":"https:\/\/korculavelaluka.com\/wp-content\/uploads\/2022\/04\/logo.png","width":200,"height":72,"caption":"TOURIST INFO Travel Agency"},"image":{"@id":"https:\/\/korculavelaluka.com\/#\/schema\/logo\/image\/"}}]}},"_links":{"self":[{"href":"https:\/\/korculavelaluka.com\/de\/wp-json\/wp\/v2\/pages\/1873","targetHints":{"allow":["GET"]}}],"collection":[{"href":"https:\/\/korculavelaluka.com\/de\/wp-json\/wp\/v2\/pages"}],"about":[{"href":"https:\/\/korculavelaluka.com\/de\/wp-json\/wp\/v2\/types\/page"}],"author":[{"embeddable":true,"href":"https:\/\/korculavelaluka.com\/de\/wp-json\/wp\/v2\/users\/1"}],"replies":[{"embeddable":true,"href":"https:\/\/korculavelaluka.com\/de\/wp-json\/wp\/v2\/comments?post=1873"}],"version-history":[{"count":1,"href":"https:\/\/korculavelaluka.com\/de\/wp-json\/wp\/v2\/pages\/1873\/revisions"}],"predecessor-version":[{"id":1874,"href":"https:\/\/korculavelaluka.com\/de\/wp-json\/wp\/v2\/pages\/1873\/revisions\/1874"}],"wp:attachment":[{"href":"https:\/\/korculavelaluka.com\/de\/wp-json\/wp\/v2\/media?parent=1873"}],"curies":[{"name":"wp","href":"https:\/\/api.w.org\/{rel}","templated":true}]}}