{"id":1620,"date":"2022-04-25T23:09:56","date_gmt":"2022-04-25T21:09:56","guid":{"rendered":"https:\/\/korculavelaluka.com\/transfers\/"},"modified":"2022-05-11T18:39:51","modified_gmt":"2022-05-11T16:39:51","slug":"transferi","status":"publish","type":"page","link":"https:\/\/korculavelaluka.com\/hr\/transferi\/","title":{"rendered":"Transferi"},"content":{"rendered":"<div class=\"fusion-fullwidth fullwidth-box fusion-builder-row-1 fusion-flex-container nonhundred-percent-fullwidth non-hundred-percent-height-scrolling\" style=\"background-color: rgba(255,255,255,0);background-position: center center;background-repeat: no-repeat;border-width: 0px 0px 0px 0px;border-color:var(--awb-color3);border-style:solid;\" ><div class=\"fusion-builder-row fusion-row fusion-flex-align-items-flex-start\" style=\"max-width:1248px;margin-left: calc(-4% \/ 2 );margin-right: calc(-4% \/ 2 );\"><div class=\"fusion-layout-column fusion_builder_column fusion-builder-column-0 fusion_builder_column_1_2 1_2 fusion-flex-column\"><div class=\"fusion-column-wrapper fusion-flex-justify-content-flex-start fusion-content-layout-column\" style=\"background-position:left top;background-repeat:no-repeat;-webkit-background-size:cover;-moz-background-size:cover;-o-background-size:cover;background-size:cover;padding: 0px 0px 0px 0px;\"><div class=\"fusion-text fusion-text-1\"><p>Na\u0161a agencija nudi usluge transfera automobilom i brzim brodom prilikom dolaska i odlaska s otoka Kor\u010dule. Brzim brodom nudimo udobnu, brzu i sigurnu vo\u017enju svim putnicima kojima je potrebno u kratkom roku do\u0107i na otok Kor\u010dulu i time izbje\u0107i gu\u017eve i spore brodske linije.<br \/>\nTako\u0111er nudimo i obilazak otoka Kor\u010dule, dnevne izlete u Modru \u0161pilju, Proizd, Hvar, Vis, Lastovo te sve druge destinacije, a na\u0161e brodove dajemo i u dnevni najam.<\/p>\n<p>Za sve informacije i savjete kontaktirajte nas ili nas posjetite u na\u0161em Tourist info uredu koji se nalazi u centru Vele Luke.<\/p>\n<\/div><style type=\"text\/css\">@media only screen and (max-width:1024px) {.fusion-title.fusion-title-1{margin-top:10px!important; margin-right:0px!important;margin-bottom:15px!important;margin-left:0px!important;}}@media only screen and (max-width:640px) {.fusion-title.fusion-title-1{margin-top:10px!important; margin-right:0px!important;margin-bottom:10px!important; margin-left:0px!important;}}<\/style><div class=\"fusion-title title fusion-title-1 fusion-sep-none fusion-title-text fusion-title-size-two\" style=\"margin-top:10px;margin-right:0px;margin-bottom:15px;margin-left:0px;\"><h2 class=\"title-heading-left\" style=\"margin:0;\">Transferi koje nudimo:<\/h2><\/div><ul class=\"fusion-checklist fusion-checklist-1\" style=\"font-size:16px;line-height:27.2px;\"><li style=\"background-color:rgba(255,255,255,0);\" class=\"fusion-li-item\"><span style=\"background-color:var(--awb-color5);font-size:14.08px;height:27.2px;width:27.2px;margin-right:11.2px;\" class=\"icon-wrapper circle-yes\"><i class=\"fusion-li-icon fa-angle-right fas\" style=\"color:var(--awb-color1);\" aria-hidden=\"true\"><\/i><\/span><div class=\"fusion-li-item-content\" style=\"margin-left:38.4px;color:var(--awb-color8);\">Trajektna luka Vela Luka<\/div><\/li><li style=\"background-color:rgba(255,255,255,0);\" class=\"fusion-li-item\"><span style=\"background-color:var(--awb-color5);font-size:14.08px;height:27.2px;width:27.2px;margin-right:11.2px;\" class=\"icon-wrapper circle-yes\"><i class=\"fusion-li-icon fa-angle-right fas\" style=\"color:var(--awb-color1);\" aria-hidden=\"true\"><\/i><\/span><div class=\"fusion-li-item-content\" style=\"margin-left:38.4px;color:var(--awb-color8);\">Trajektna luka Kor\u010dula<\/div><\/li><li style=\"background-color:rgba(255,255,255,0);\" class=\"fusion-li-item\"><span style=\"background-color:var(--awb-color5);font-size:14.08px;height:27.2px;width:27.2px;margin-right:11.2px;\" class=\"icon-wrapper circle-yes\"><i class=\"fusion-li-icon fa-angle-right fas\" style=\"color:var(--awb-color1);\" aria-hidden=\"true\"><\/i><\/span><div class=\"fusion-li-item-content\" style=\"margin-left:38.4px;color:var(--awb-color8);\">Zra\u010dna luka Dubrovnik<\/div><\/li><li style=\"background-color:rgba(255,255,255,0);\" class=\"fusion-li-item\"><span style=\"background-color:var(--awb-color5);font-size:14.08px;height:27.2px;width:27.2px;margin-right:11.2px;\" class=\"icon-wrapper circle-yes\"><i class=\"fusion-li-icon fa-angle-right fas\" style=\"color:var(--awb-color1);\" aria-hidden=\"true\"><\/i><\/span><div class=\"fusion-li-item-content\" style=\"margin-left:38.4px;color:var(--awb-color8);\">Grad Split (brzim brodom)<\/div><\/li><li style=\"background-color:rgba(255,255,255,0);\" class=\"fusion-li-item\"><span style=\"background-color:var(--awb-color5);font-size:14.08px;height:27.2px;width:27.2px;margin-right:11.2px;\" class=\"icon-wrapper circle-yes\"><i class=\"fusion-li-icon fa-angle-right fas\" style=\"color:var(--awb-color1);\" aria-hidden=\"true\"><\/i><\/span><div class=\"fusion-li-item-content\" style=\"margin-left:38.4px;color:var(--awb-color8);\">Zra\u010dna luka Resnik (brzim brodom)<\/div><\/li><\/ul><div style=\"text-align:left;\"><style>.fusion-button.button-1{border-radius:4px 4px 4px 4px;}.fusion-button.button-1 .fusion-button-text{text-transform:uppercase;}<\/style><a class=\"fusion-button button-flat button-xlarge button-default button-1 fusion-button-default-span fusion-button-default-type\" target=\"_self\" href=\"https:\/\/korculavelaluka.com\/hr\/kontakt\/\" style=\"margin-top:50px;\"><span class=\"fusion-button-text\">Kontaktirajte nas<\/span><\/a><\/div><\/div><style type=\"text\/css\">.fusion-body .fusion-builder-column-0{width:50% !important;margin-top : 0px;margin-bottom : 20px;}.fusion-builder-column-0 > .fusion-column-wrapper {padding-top : 0px !important;padding-right : 0px !important;margin-right : 3.84%;padding-bottom : 0px !important;padding-left : 0px !important;margin-left : 3.84%;}@media only screen and (max-width:1024px) {.fusion-body .fusion-builder-column-0{width:50% !important;order : 0;}.fusion-builder-column-0 > .fusion-column-wrapper {margin-right : 3.84%;margin-left : 3.84%;}}@media only screen and (max-width:640px) {.fusion-body .fusion-builder-column-0{width:100% !important;order : 0;}.fusion-builder-column-0 > .fusion-column-wrapper {margin-right : 1.92%;margin-left : 1.92%;}}<\/style><\/div><div class=\"fusion-layout-column fusion_builder_column fusion-builder-column-1 fusion_builder_column_1_2 1_2 fusion-flex-column\"><div class=\"fusion-column-wrapper fusion-flex-justify-content-flex-start fusion-content-layout-column\" style=\"background-position:left top;background-repeat:no-repeat;-webkit-background-size:cover;-moz-background-size:cover;-o-background-size:cover;background-size:cover;padding: 0px 0px 0px 0px;\"><div ><span class=\" fusion-imageframe imageframe-none imageframe-1 hover-type-zoomin\" style=\"border-radius:45px;\"><img decoding=\"async\" width=\"700\" height=\"463\" alt=\"Opel insignia\" title=\"opel-insignia\" src=\"https:\/\/korculavelaluka.com\/wp-content\/uploads\/2022\/04\/opel-insignia.jpg\" class=\"img-responsive wp-image-181\" srcset=\"https:\/\/korculavelaluka.com\/wp-content\/uploads\/2022\/04\/opel-insignia-200x132.jpg 200w, https:\/\/korculavelaluka.com\/wp-content\/uploads\/2022\/04\/opel-insignia-400x265.jpg 400w, https:\/\/korculavelaluka.com\/wp-content\/uploads\/2022\/04\/opel-insignia-600x397.jpg 600w, https:\/\/korculavelaluka.com\/wp-content\/uploads\/2022\/04\/opel-insignia.jpg 700w\" sizes=\"(max-width: 640px) 100vw, 600px\" \/><\/span><\/div><div ><style>.fusion-imageframe.imageframe-2{ margin-top : 50px;}<\/style><span class=\" fusion-imageframe imageframe-none imageframe-2 hover-type-zoomin\" style=\"border-radius:45px;\"><img decoding=\"async\" width=\"700\" height=\"525\" title=\"boat transfers\" src=\"https:\/\/korculavelaluka.com\/wp-content\/uploads\/2022\/04\/boat-transfers.jpg\" alt class=\"img-responsive wp-image-186\" srcset=\"https:\/\/korculavelaluka.com\/wp-content\/uploads\/2022\/04\/boat-transfers-200x150.jpg 200w, https:\/\/korculavelaluka.com\/wp-content\/uploads\/2022\/04\/boat-transfers-400x300.jpg 400w, https:\/\/korculavelaluka.com\/wp-content\/uploads\/2022\/04\/boat-transfers-600x450.jpg 600w, https:\/\/korculavelaluka.com\/wp-content\/uploads\/2022\/04\/boat-transfers.jpg 700w\" sizes=\"(max-width: 640px) 100vw, 600px\" \/><\/span><\/div><\/div><style type=\"text\/css\">.fusion-body .fusion-builder-column-1{width:50% !important;margin-top : 0px;margin-bottom : 20px;}.fusion-builder-column-1 > .fusion-column-wrapper {padding-top : 0px !important;padding-right : 0px !important;margin-right : 3.84%;padding-bottom : 0px !important;padding-left : 0px !important;margin-left : 3.84%;}@media only screen and (max-width:1024px) {.fusion-body .fusion-builder-column-1{width:50% !important;order : 0;}.fusion-builder-column-1 > .fusion-column-wrapper {margin-right : 3.84%;margin-left : 3.84%;}}@media only screen and (max-width:640px) {.fusion-body .fusion-builder-column-1{width:100% !important;order : 0;}.fusion-builder-column-1 > .fusion-column-wrapper {margin-right : 1.92%;margin-left : 1.92%;}}<\/style><\/div><div class=\"fusion-layout-column fusion_builder_column fusion-builder-column-2 fusion_builder_column_1_2 1_2 fusion-flex-column\"><div class=\"fusion-column-wrapper fusion-flex-justify-content-flex-start fusion-content-layout-column\" style=\"background-position:left top;background-repeat:no-repeat;-webkit-background-size:cover;-moz-background-size:cover;-o-background-size:cover;background-size:cover;padding: 0px 0px 0px 0px;\"><\/div><style type=\"text\/css\">.fusion-body .fusion-builder-column-2{width:50% !important;margin-top : 0px;margin-bottom : 20px;}.fusion-builder-column-2 > .fusion-column-wrapper {padding-top : 0px !important;padding-right : 0px !important;margin-right : 3.84%;padding-bottom : 0px !important;padding-left : 0px !important;margin-left : 3.84%;}@media only screen and (max-width:1024px) {.fusion-body .fusion-builder-column-2{width:50% !important;order : 0;}.fusion-builder-column-2 > .fusion-column-wrapper {margin-right : 3.84%;margin-left : 3.84%;}}@media only screen and (max-width:640px) {.fusion-body .fusion-builder-column-2{width:100% !important;order : 0;}.fusion-builder-column-2 > .fusion-column-wrapper {margin-right : 1.92%;margin-left : 1.92%;}}<\/style><\/div><\/div><style type=\"text\/css\">.fusion-body .fusion-flex-container.fusion-builder-row-1{ padding-top : 0px;margin-top : 0px;padding-right : 0px;padding-bottom : 0px;margin-bottom : 0px;padding-left : 0px;}<\/style><\/div>\n","protected":false},"excerpt":{"rendered":"","protected":false},"author":1,"featured_media":0,"parent":0,"menu_order":0,"comment_status":"closed","ping_status":"closed","template":"","meta":{"footnotes":""},"class_list":["post-1620","page","type-page","status-publish","hentry"],"yoast_head":"<!-- This site is optimized with the Yoast SEO plugin v20.5 - https:\/\/yoast.com\/wordpress\/plugins\/seo\/ -->\n<title>Transferi - Turisti\u010dka agencija | Vela Luka Kor\u010dula<\/title>\n<meta name=\"description\" content=\"Na\u0161a agencija nudi usluge transfera autobusom i brzim brodom prilikom dolaska i odlaska s otoka Kor\u010dule.\" \/>\n<meta name=\"robots\" content=\"index, follow, max-snippet:-1, max-image-preview:large, max-video-preview:-1\" \/>\n<link rel=\"canonical\" href=\"https:\/\/korculavelaluka.com\/hr\/transferi\/\" \/>\n<meta property=\"og:locale\" content=\"hr_HR\" \/>\n<meta property=\"og:type\" content=\"article\" \/>\n<meta property=\"og:title\" content=\"Transferi - Turisti\u010dka agencija | Vela Luka Kor\u010dula\" \/>\n<meta property=\"og:description\" content=\"Na\u0161a agencija nudi usluge transfera autobusom i brzim brodom prilikom dolaska i odlaska s otoka Kor\u010dule.\" \/>\n<meta property=\"og:url\" content=\"https:\/\/korculavelaluka.com\/hr\/transferi\/\" \/>\n<meta property=\"og:site_name\" content=\"Tourist Info Agency - Kor\u010dula Vela Luka\" \/>\n<meta property=\"article:modified_time\" content=\"2022-05-11T16:39:51+00:00\" \/>\n<meta name=\"twitter:card\" content=\"summary_large_image\" \/>\n<meta name=\"twitter:label1\" content=\"Procijenjeno vrijeme \u010ditanja\" \/>\n\t<meta name=\"twitter:data1\" content=\"7 minuta\" \/>\n<script type=\"application\/ld+json\" class=\"yoast-schema-graph\">{\"@context\":\"https:\/\/schema.org\",\"@graph\":[{\"@type\":\"WebPage\",\"@id\":\"https:\/\/korculavelaluka.com\/hr\/transferi\/\",\"url\":\"https:\/\/korculavelaluka.com\/hr\/transferi\/\",\"name\":\"Transferi - Turisti\u010dka agencija | Vela Luka Kor\u010dula\",\"isPartOf\":{\"@id\":\"https:\/\/korculavelaluka.com\/#website\"},\"datePublished\":\"2022-04-25T21:09:56+00:00\",\"dateModified\":\"2022-05-11T16:39:51+00:00\",\"description\":\"Na\u0161a agencija nudi usluge transfera autobusom i brzim brodom prilikom dolaska i odlaska s otoka Kor\u010dule.\",\"breadcrumb\":{\"@id\":\"https:\/\/korculavelaluka.com\/hr\/transferi\/#breadcrumb\"},\"inLanguage\":\"hr\",\"potentialAction\":[{\"@type\":\"ReadAction\",\"target\":[\"https:\/\/korculavelaluka.com\/hr\/transferi\/\"]}]},{\"@type\":\"BreadcrumbList\",\"@id\":\"https:\/\/korculavelaluka.com\/hr\/transferi\/#breadcrumb\",\"itemListElement\":[{\"@type\":\"ListItem\",\"position\":1,\"name\":\"Home\",\"item\":\"https:\/\/korculavelaluka.com\/hr\/\"},{\"@type\":\"ListItem\",\"position\":2,\"name\":\"Transferi\"}]},{\"@type\":\"WebSite\",\"@id\":\"https:\/\/korculavelaluka.com\/#website\",\"url\":\"https:\/\/korculavelaluka.com\/\",\"name\":\"Tourist Info Agency - Kor\u010dula Vela Luka\",\"description\":\"Transfers and rentals in Vela Luka on Korcula island Croatia.\",\"publisher\":{\"@id\":\"https:\/\/korculavelaluka.com\/#organization\"},\"potentialAction\":[{\"@type\":\"SearchAction\",\"target\":{\"@type\":\"EntryPoint\",\"urlTemplate\":\"https:\/\/korculavelaluka.com\/?s={search_term_string}\"},\"query-input\":\"required name=search_term_string\"}],\"inLanguage\":\"hr\"},{\"@type\":\"Organization\",\"@id\":\"https:\/\/korculavelaluka.com\/#organization\",\"name\":\"TOURIST INFO Travel Agency\",\"url\":\"https:\/\/korculavelaluka.com\/\",\"logo\":{\"@type\":\"ImageObject\",\"inLanguage\":\"hr\",\"@id\":\"https:\/\/korculavelaluka.com\/#\/schema\/logo\/image\/\",\"url\":\"https:\/\/korculavelaluka.com\/wp-content\/uploads\/2022\/04\/logo.png\",\"contentUrl\":\"https:\/\/korculavelaluka.com\/wp-content\/uploads\/2022\/04\/logo.png\",\"width\":200,\"height\":72,\"caption\":\"TOURIST INFO Travel Agency\"},\"image\":{\"@id\":\"https:\/\/korculavelaluka.com\/#\/schema\/logo\/image\/\"}}]}<\/script>\n<!-- \/ Yoast SEO plugin. -->","yoast_head_json":{"title":"Transferi - Turisti\u010dka agencija | Vela Luka Kor\u010dula","description":"Na\u0161a agencija nudi usluge transfera autobusom i brzim brodom prilikom dolaska i odlaska s otoka Kor\u010dule.","robots":{"index":"index","follow":"follow","max-snippet":"max-snippet:-1","max-image-preview":"max-image-preview:large","max-video-preview":"max-video-preview:-1"},"canonical":"https:\/\/korculavelaluka.com\/hr\/transferi\/","og_locale":"hr_HR","og_type":"article","og_title":"Transferi - Turisti\u010dka agencija | Vela Luka Kor\u010dula","og_description":"Na\u0161a agencija nudi usluge transfera autobusom i brzim brodom prilikom dolaska i odlaska s otoka Kor\u010dule.","og_url":"https:\/\/korculavelaluka.com\/hr\/transferi\/","og_site_name":"Tourist Info Agency - Kor\u010dula Vela Luka","article_modified_time":"2022-05-11T16:39:51+00:00","twitter_card":"summary_large_image","twitter_misc":{"Procijenjeno vrijeme \u010ditanja":"7 minuta"},"schema":{"@context":"https:\/\/schema.org","@graph":[{"@type":"WebPage","@id":"https:\/\/korculavelaluka.com\/hr\/transferi\/","url":"https:\/\/korculavelaluka.com\/hr\/transferi\/","name":"Transferi - Turisti\u010dka agencija | Vela Luka Kor\u010dula","isPartOf":{"@id":"https:\/\/korculavelaluka.com\/#website"},"datePublished":"2022-04-25T21:09:56+00:00","dateModified":"2022-05-11T16:39:51+00:00","description":"Na\u0161a agencija nudi usluge transfera autobusom i brzim brodom prilikom dolaska i odlaska s otoka Kor\u010dule.","breadcrumb":{"@id":"https:\/\/korculavelaluka.com\/hr\/transferi\/#breadcrumb"},"inLanguage":"hr","potentialAction":[{"@type":"ReadAction","target":["https:\/\/korculavelaluka.com\/hr\/transferi\/"]}]},{"@type":"BreadcrumbList","@id":"https:\/\/korculavelaluka.com\/hr\/transferi\/#breadcrumb","itemListElement":[{"@type":"ListItem","position":1,"name":"Home","item":"https:\/\/korculavelaluka.com\/hr\/"},{"@type":"ListItem","position":2,"name":"Transferi"}]},{"@type":"WebSite","@id":"https:\/\/korculavelaluka.com\/#website","url":"https:\/\/korculavelaluka.com\/","name":"Tourist Info Agency - Kor\u010dula Vela Luka","description":"Transfers and rentals in Vela Luka on Korcula island Croatia.","publisher":{"@id":"https:\/\/korculavelaluka.com\/#organization"},"potentialAction":[{"@type":"SearchAction","target":{"@type":"EntryPoint","urlTemplate":"https:\/\/korculavelaluka.com\/?s={search_term_string}"},"query-input":"required name=search_term_string"}],"inLanguage":"hr"},{"@type":"Organization","@id":"https:\/\/korculavelaluka.com\/#organization","name":"TOURIST INFO Travel Agency","url":"https:\/\/korculavelaluka.com\/","logo":{"@type":"ImageObject","inLanguage":"hr","@id":"https:\/\/korculavelaluka.com\/#\/schema\/logo\/image\/","url":"https:\/\/korculavelaluka.com\/wp-content\/uploads\/2022\/04\/logo.png","contentUrl":"https:\/\/korculavelaluka.com\/wp-content\/uploads\/2022\/04\/logo.png","width":200,"height":72,"caption":"TOURIST INFO Travel Agency"},"image":{"@id":"https:\/\/korculavelaluka.com\/#\/schema\/logo\/image\/"}}]}},"_links":{"self":[{"href":"https:\/\/korculavelaluka.com\/hr\/wp-json\/wp\/v2\/pages\/1620","targetHints":{"allow":["GET"]}}],"collection":[{"href":"https:\/\/korculavelaluka.com\/hr\/wp-json\/wp\/v2\/pages"}],"about":[{"href":"https:\/\/korculavelaluka.com\/hr\/wp-json\/wp\/v2\/types\/page"}],"author":[{"embeddable":true,"href":"https:\/\/korculavelaluka.com\/hr\/wp-json\/wp\/v2\/users\/1"}],"replies":[{"embeddable":true,"href":"https:\/\/korculavelaluka.com\/hr\/wp-json\/wp\/v2\/comments?post=1620"}],"version-history":[{"count":4,"href":"https:\/\/korculavelaluka.com\/hr\/wp-json\/wp\/v2\/pages\/1620\/revisions"}],"predecessor-version":[{"id":1879,"href":"https:\/\/korculavelaluka.com\/hr\/wp-json\/wp\/v2\/pages\/1620\/revisions\/1879"}],"wp:attachment":[{"href":"https:\/\/korculavelaluka.com\/hr\/wp-json\/wp\/v2\/media?parent=1620"}],"curies":[{"name":"wp","href":"https:\/\/api.w.org\/{rel}","templated":true}]}}