{"id":1859,"date":"2022-05-09T17:37:32","date_gmt":"2022-05-09T15:37:32","guid":{"rendered":"https:\/\/korculavelaluka.com\/?page_id=1859"},"modified":"2022-05-09T17:37:51","modified_gmt":"2022-05-09T15:37:51","slug":"uvjeti-i-odredbe-najma","status":"publish","type":"page","link":"https:\/\/korculavelaluka.com\/hr\/uvjeti-i-odredbe-najma\/","title":{"rendered":"Uvjeti i odredbe najma"},"content":{"rendered":"<p>\u017delimo da otputujete na svoje odredi\u0161te sigurni, bez brige o iznena\u0111enjima ili neo\u010dekivanim doga\u0111ajima. Ovaj dio sadr\u017ei Op\u0107e uvjete i odredbe najma vozila koje \u0107emo Vas zamoliti da potpi\u0161ete prilikom preuzimanja Va\u0161eg vozila. Molimo, pro\u010ditajte ih prije nego napravite rezervaciju; na taj \u0107ete na\u010din u\u0161tedjeti vrijeme kod preuzimanja Va\u0161eg vozila i mo\u0107i \u0107ete mirno krenuti prema svom odredi\u0161tu. Hvala! Tourist Info Travel Agency<\/p>\n<p>&nbsp;<\/p>\n<p><strong><u>Informacije o najmu<\/u><\/strong><\/p>\n<ul>\n<li>Besplatno otkazivanje: Besplatno otkazivanje do 48 sati prije dolaska.<\/li>\n<li>Prekr\u0161aji u prometu, nov\u010dane kazne i administrativne sankcije: Kazne i administrativne naknade koje proizlaze iz bilo kojeg kr\u0161enja Zakona o prometu u Republici Hrvatskoj tijekom razdoblja najma isklju\u010diva su odgovornost iznajmljiva\u010da vozila. Ako takva administrativna naknada nije prijavljena tvrtki na kraju razdoblja najma (ugovora), kazna \u0107e biti napla\u0107ena iznajmljiva\u010du.<\/li>\n<li>Kilometra\u017ea: Besplatna i neograni\u010dena kilometra\u017ea:: Ne napla\u0107ujemo kilometra\u017eu koje napravi vozilo za period najma vozila.<\/li>\n<li>Porezi u Hrvatskoj: Sve cijene i ponude objavljene na mre\u017ei uklju\u010duju 25% poreza na dodanu vrijednost (PDV).<\/li>\n<li>Dje\u010dje sjedalice: Samo nas obavijestite o dobi malih \u010dlanova Va\u0161e obitelji i odaberite odgovaraju\u0107u vrstu dje\u010djih sjedalica koja vam je potrebna. Jedna sjedalica ko\u0161ta 5 \u20ac po dan i pla\u0107a se po dolasku. Sve dodatne stavke se uklju\u010duju u cijenu prije zavr\u0161etka rezervacije.<\/li>\n<li>Preuzimanje ili povratak vozila izvan radnog vremena (22:00 \u2013 07:00) podlije\u017ee naplati od 20 \u20ac koja se pla\u0107a pri po\u010detku najma. Vra\u0107anje vozila s jednim (1) satom ka\u0161njenja se ne napla\u0107uje.<\/li>\n<li>Ka\u0161njenja od jednog sata pri povratu vozila ne napla\u0107uju se dokle god je na\u0161a tvrtka obavije\u0161tena o tome. Sljede\u0107a 2 sata ka\u0161njenja napla\u0107uju se 10 \u20ac po satu. Za prekora\u010denje od 3 sata napla\u0107uje se najam cijelog jednog dana.<\/li>\n<\/ul>\n<p><strong><u>Neto\u010dna upotreba vrste goriva<\/u><\/strong><\/p>\n<ul>\n<li>Ako napunite vozilo neispravnim gorivom ili tipom, morate platiti puni tro\u0161ak bilo koje nastale \u0161tete ili gubitka. Ovakvo pona\u0161anje nije pokriveno niti jednom vrstom osiguranja.<\/li>\n<\/ul>\n<p><strong><u>Gubitak klju\u010deva<\/u><\/strong><\/p>\n<ul>\n<li>Naknada za gubitak klju\u010da je u visini cijene izrade novog klju\u010da slu\u017ebenog zastupnika automobila. Izgubljeni klju\u010d nije pokriven niti jednom vrstom osiguranja.<\/li>\n<\/ul>\n<p>&nbsp;<\/p>\n<p><strong><u>Pla\u0107anje<\/u><\/strong><\/p>\n<p><strong>Pla\u0107anje \u0107e se izvr\u0161iti po dolasku u poslovnicu na po\u010detku razdoblja najma vozila, molimo Vas da odaberete opcije pla\u0107anja:<\/strong><\/p>\n<ul>\n<li>Va\u017ee\u0107e kreditne kartice: MasterCard, Visa, Diners ili American Express.<\/li>\n<li>Napomena: Prihva\u0107amo gotovinu, American Express, Diners Club, MasterCard, Visu za pla\u0107anje najma automobila. Za sigurnosni depozit\u00a0<u>kreditna kartica je obavezna<\/u>.<\/li>\n<li>Depozit za fran\u0161izu: kod preuzimanja vozila predautorizirat \u0107emo odre\u0111eni iznos depozita na Va\u0161oj kreditnoj kartici {ovisno o kategoriji vozila}. Taj \u0107e se iznos automatski osloboditi ako nema kra\u0111e niti \u0161tete na vozilu tijekom razdoblja najma. Ukoliko do\u0111e do o\u0161te\u0107enja vozila, iznajmljiva\u010d \u0107e bit odgovoran do tog predautoranog iznosa {ovisno o kategoriji vozila}, a standardna polica osiguranja vozila \u0107e pokriti ostatak tro\u0161ka.<\/li>\n<li>Svi tro\u0161kovi na Va\u0161oj kreditnoj kartici bit \u0107e tere\u0107eni u kunama (KN), osim ako nije druga\u010dije navedeno.<\/li>\n<\/ul>\n<p><strong><u>Vra\u0107anje automobila<\/u><\/strong><\/p>\n<p><strong>Upute za vra\u0107anje vozila<\/strong><\/p>\n<ul>\n<li>Vozilo bi trebalo vratiti tijekom radnog vremena ili u dogovoreno vrijeme koje je navedeno u potvrdnom e-mail-u. Ako \u017eelite vratiti vozilo van radnog vremena lokacije bit \u0107ete primorani vozilo vratiti idu\u0107i dan, a mi \u0107emo Vas teretiti za to vrijeme, tako\u0111er odgovorni ste za stanje vozila u tom periodu.<\/li>\n<li>Vra\u0107anje vozila s jednim (1) satom ka\u0161njenja je besplatno.<\/li>\n<li>Iznajmljiva\u010du \u0107e biti osigurano \u010disto vozilo spremo za najam i vozilo bi trebalo vratiti u istom stanju.<\/li>\n<li>Prekomjerno prljava unutra\u0161njost vozila ili zaprljane presvlake sjedi\u0161ta naplatit \u0107e se iznajmljiva\u010du pri povratku vozila u iznosu od<u>\u00a0400kn<\/u>.<\/li>\n<li>Nema povratka sredstava za vra\u0107anje vozila ranije od dogovorenog.<\/li>\n<li>Iznajmljiva\u010d mora vratiti vozilo s istom razinom goriva kao \u0161to mu je isporu\u010deno.<\/li>\n<\/ul>\n<p><strong><u>Zabranjeno je:<\/u><\/strong><\/p>\n<ul>\n<li>Iznajmiti ili posuditi vozilo tre\u0107im osobama.<\/li>\n<li>Preopteretiti iznajmljeno vozilo osobama ili dobrima iznad maksimalno dopu\u0161tenih vrijednosti.<\/li>\n<li>Voziti vozilo izvan dopu\u0161tenih zemalja bez odobrenja najmodavca.<\/li>\n<li>Nositi zapaljive, eksplozivne ili korozivne materijale u vozilu.<\/li>\n<li>Koristiti vozilo u nezakonite svrhe (\u0161to je vezano uz kaznena djela, carinske ili devizne prekr\u0161aje), za pokretanje ili vu\u010du vozila na prikolici ili za sudjelovanje u motosportskim doga\u0111ajima.<\/li>\n<li>Dati vozilo ili dopustiti da bilo koja druga osoba vozi vozilo koje nije ovla\u0161teni voza\u010d ili dodatni voza\u010d registriran na ugovoru o najmu. Ovakva pona\u0161anja nisu pokrivena niti jednom vrstom osiguranja.<\/li>\n<\/ul>\n<p><strong><u>Tro\u0161kovi koji nisu obuhva\u0107eni najmom:<\/u><\/strong><\/p>\n<p><strong>Iznajmljiva\u010d priznaje osobnu odgovornost i pla\u0107a najmodavcu na njegov zahtjev:<\/strong><\/p>\n<ul>\n<li>Od\u0161tetu za \u0161tetu na iznajmljenom vozilu za vrijeme perioda najma i od\u0161teta za vrijeme koje je izgubljeno dok vozilo na popravku.<\/li>\n<li>Poreze, naknade za naplatu duga, naknade za procjenu \u0161tete, vu\u010du i popravak vozila, skladi\u0161tenje, naknade za servis vozila, odvjetni\u010dke naknade za parkirne kazne i prometne prekr\u0161aje li druge tro\u0161kove nezakonitog kr\u0161enja. Iznajmljiva\u010d je odgovoran za prometne prekr\u0161aje koje je prouzro\u010dio i nakon zavr\u0161etka razdoblja najma. Ako najmodavac utvrdi datum kada bi iznajmljiva\u010d trebao platiti bilo koju od gore navedenih stavki i ako se iznajmljiva\u010d ne bude dr\u017eao ovog roka, iznajmljiva\u010d se sla\u017ee da se iznos pokriva iz njegove osobne imovine ili iz osobnih prihoda bez prethodne presude od strane suda.<\/li>\n<li>Gubitak ili kra\u0111u bilo kakvih osobnih predmeta iz iznajmljenog vozila.<\/li>\n<li>Ako napunite vozilo s neispravnim gorivom ili tipom, morate platiti puni tro\u0161ak bilo koje nastale \u0161tete ili gubitka.<\/li>\n<li>Oduzimanje vozila koje ste uzrokovali sami kori\u0161tenjem vozila u nezakonite svrhe.<\/li>\n<li>O\u0161te\u0107enje unutra\u0161njosti vozila bez obzira na uzrok, osim ako je isto nastalo kao posljedica sudara.<\/li>\n<li>Nepo\u0161tivanje uvjeta ili odredbi Ugovora o najmu i takvo kr\u0161enje je povezano s gubitkom ili \u0161tetom.<\/li>\n<li>Nedostatak ili zamjena bilo kojeg originalnog dijela\/pribora vozila bez odobrenja.<\/li>\n<li>Ako vozite iznajmljeno vozilo pod utjecajem droga ili alkohola i va\u0161e vo\u017enja rezultira gubitkom ili o\u0161te\u0107enjem.<\/li>\n<li>Ako je vozilo ukradeno, a da Vi pri tome niste dr\u017eali vozilo zaklju\u010dano i klju\u010d pod osobnom kontrolom.<\/li>\n<li>Ako ste vo\u017enju iznajmljenog vozila dozvolili osobi koja nije ovla\u0161teni voza\u010d registriran na prvoj strani ovog ugovora i kao rezultat toga do\u0111e do \u0161tete ili gubitak vozila.<\/li>\n<\/ul>\n<p><strong><u>Va\u0161a obveza u slu\u010daju prometne nesre\u0107e<\/u><\/strong><\/p>\n<p><strong>U slu\u010daju nesre\u0107e, o\u0161te\u0107enja, kra\u0111e, gubitka vozila, te sli\u010dnih okolnosti voza\u010d je du\u017ean:<\/strong><\/p>\n<ul>\n<li>Odmah prijaviti takav incident policiji.<\/li>\n<li>Prijaviti incident agenciji<\/li>\n<li>Zabilje\u017eiti sve sudionike u incidentu.<\/li>\n<li>Napomena: u slu\u010daju manjih o\u0161te\u0107enja (ogrebotina ili sli\u010dno), morat \u0107ete to prijaviti agenciji<\/li>\n<\/ul>\n","protected":false},"excerpt":{"rendered":"<p>\u017delimo da otputujete na svoje odredi\u0161te sigurni, bez brige o iznena\u0111enjima ili neo\u010dekivanim doga\u0111ajima. Ovaj dio sadr\u017ei Op\u0107e uvjete i odredbe najma vozila koje \u0107emo Vas zamoliti da potpi\u0161ete prilikom [&hellip;]<\/p>\n","protected":false},"author":1,"featured_media":0,"parent":0,"menu_order":0,"comment_status":"closed","ping_status":"closed","template":"","meta":{"footnotes":""},"class_list":["post-1859","page","type-page","status-publish","hentry"],"yoast_head":"<!-- This site is optimized with the Yoast SEO plugin v20.5 - https:\/\/yoast.com\/wordpress\/plugins\/seo\/ -->\n<title>Uvjeti i odredbe najma - Tourist Info Agency - Kor\u010dula Vela Luka<\/title>\n<meta name=\"robots\" content=\"index, follow, max-snippet:-1, max-image-preview:large, max-video-preview:-1\" \/>\n<link rel=\"canonical\" href=\"https:\/\/korculavelaluka.com\/hr\/uvjeti-i-odredbe-najma\/\" \/>\n<meta property=\"og:locale\" content=\"hr_HR\" \/>\n<meta property=\"og:type\" content=\"article\" \/>\n<meta property=\"og:title\" content=\"Uvjeti i odredbe najma - Tourist Info Agency - Kor\u010dula Vela Luka\" \/>\n<meta property=\"og:description\" content=\"\u017delimo da otputujete na svoje odredi\u0161te sigurni, bez brige o iznena\u0111enjima ili neo\u010dekivanim doga\u0111ajima. Ovaj dio sadr\u017ei Op\u0107e uvjete i odredbe najma vozila koje \u0107emo Vas zamoliti da potpi\u0161ete prilikom [&hellip;]\" \/>\n<meta property=\"og:url\" content=\"https:\/\/korculavelaluka.com\/hr\/uvjeti-i-odredbe-najma\/\" \/>\n<meta property=\"og:site_name\" content=\"Tourist Info Agency - Kor\u010dula Vela Luka\" \/>\n<meta property=\"article:modified_time\" content=\"2022-05-09T15:37:51+00:00\" \/>\n<meta name=\"twitter:card\" content=\"summary_large_image\" \/>\n<meta name=\"twitter:label1\" content=\"Procijenjeno vrijeme \u010ditanja\" \/>\n\t<meta name=\"twitter:data1\" content=\"6 minuta\" \/>\n<script type=\"application\/ld+json\" class=\"yoast-schema-graph\">{\"@context\":\"https:\/\/schema.org\",\"@graph\":[{\"@type\":\"WebPage\",\"@id\":\"https:\/\/korculavelaluka.com\/hr\/uvjeti-i-odredbe-najma\/\",\"url\":\"https:\/\/korculavelaluka.com\/hr\/uvjeti-i-odredbe-najma\/\",\"name\":\"Uvjeti i odredbe najma - Tourist Info Agency - Kor\u010dula Vela Luka\",\"isPartOf\":{\"@id\":\"https:\/\/korculavelaluka.com\/#website\"},\"datePublished\":\"2022-05-09T15:37:32+00:00\",\"dateModified\":\"2022-05-09T15:37:51+00:00\",\"breadcrumb\":{\"@id\":\"https:\/\/korculavelaluka.com\/hr\/uvjeti-i-odredbe-najma\/#breadcrumb\"},\"inLanguage\":\"hr\",\"potentialAction\":[{\"@type\":\"ReadAction\",\"target\":[\"https:\/\/korculavelaluka.com\/hr\/uvjeti-i-odredbe-najma\/\"]}]},{\"@type\":\"BreadcrumbList\",\"@id\":\"https:\/\/korculavelaluka.com\/hr\/uvjeti-i-odredbe-najma\/#breadcrumb\",\"itemListElement\":[{\"@type\":\"ListItem\",\"position\":1,\"name\":\"Home\",\"item\":\"https:\/\/korculavelaluka.com\/hr\/\"},{\"@type\":\"ListItem\",\"position\":2,\"name\":\"Uvjeti i odredbe najma\"}]},{\"@type\":\"WebSite\",\"@id\":\"https:\/\/korculavelaluka.com\/#website\",\"url\":\"https:\/\/korculavelaluka.com\/\",\"name\":\"Tourist Info Agency - Kor\u010dula Vela Luka\",\"description\":\"Transfers and rentals in Vela Luka on Korcula island Croatia.\",\"publisher\":{\"@id\":\"https:\/\/korculavelaluka.com\/#organization\"},\"potentialAction\":[{\"@type\":\"SearchAction\",\"target\":{\"@type\":\"EntryPoint\",\"urlTemplate\":\"https:\/\/korculavelaluka.com\/?s={search_term_string}\"},\"query-input\":\"required name=search_term_string\"}],\"inLanguage\":\"hr\"},{\"@type\":\"Organization\",\"@id\":\"https:\/\/korculavelaluka.com\/#organization\",\"name\":\"TOURIST INFO Travel Agency\",\"url\":\"https:\/\/korculavelaluka.com\/\",\"logo\":{\"@type\":\"ImageObject\",\"inLanguage\":\"hr\",\"@id\":\"https:\/\/korculavelaluka.com\/#\/schema\/logo\/image\/\",\"url\":\"https:\/\/korculavelaluka.com\/wp-content\/uploads\/2022\/04\/logo.png\",\"contentUrl\":\"https:\/\/korculavelaluka.com\/wp-content\/uploads\/2022\/04\/logo.png\",\"width\":200,\"height\":72,\"caption\":\"TOURIST INFO Travel Agency\"},\"image\":{\"@id\":\"https:\/\/korculavelaluka.com\/#\/schema\/logo\/image\/\"}}]}<\/script>\n<!-- \/ Yoast SEO plugin. -->","yoast_head_json":{"title":"Uvjeti i odredbe najma - Tourist Info Agency - Kor\u010dula Vela Luka","robots":{"index":"index","follow":"follow","max-snippet":"max-snippet:-1","max-image-preview":"max-image-preview:large","max-video-preview":"max-video-preview:-1"},"canonical":"https:\/\/korculavelaluka.com\/hr\/uvjeti-i-odredbe-najma\/","og_locale":"hr_HR","og_type":"article","og_title":"Uvjeti i odredbe najma - Tourist Info Agency - Kor\u010dula Vela Luka","og_description":"\u017delimo da otputujete na svoje odredi\u0161te sigurni, bez brige o iznena\u0111enjima ili neo\u010dekivanim doga\u0111ajima. Ovaj dio sadr\u017ei Op\u0107e uvjete i odredbe najma vozila koje \u0107emo Vas zamoliti da potpi\u0161ete prilikom [&hellip;]","og_url":"https:\/\/korculavelaluka.com\/hr\/uvjeti-i-odredbe-najma\/","og_site_name":"Tourist Info Agency - Kor\u010dula Vela Luka","article_modified_time":"2022-05-09T15:37:51+00:00","twitter_card":"summary_large_image","twitter_misc":{"Procijenjeno vrijeme \u010ditanja":"6 minuta"},"schema":{"@context":"https:\/\/schema.org","@graph":[{"@type":"WebPage","@id":"https:\/\/korculavelaluka.com\/hr\/uvjeti-i-odredbe-najma\/","url":"https:\/\/korculavelaluka.com\/hr\/uvjeti-i-odredbe-najma\/","name":"Uvjeti i odredbe najma - Tourist Info Agency - Kor\u010dula Vela Luka","isPartOf":{"@id":"https:\/\/korculavelaluka.com\/#website"},"datePublished":"2022-05-09T15:37:32+00:00","dateModified":"2022-05-09T15:37:51+00:00","breadcrumb":{"@id":"https:\/\/korculavelaluka.com\/hr\/uvjeti-i-odredbe-najma\/#breadcrumb"},"inLanguage":"hr","potentialAction":[{"@type":"ReadAction","target":["https:\/\/korculavelaluka.com\/hr\/uvjeti-i-odredbe-najma\/"]}]},{"@type":"BreadcrumbList","@id":"https:\/\/korculavelaluka.com\/hr\/uvjeti-i-odredbe-najma\/#breadcrumb","itemListElement":[{"@type":"ListItem","position":1,"name":"Home","item":"https:\/\/korculavelaluka.com\/hr\/"},{"@type":"ListItem","position":2,"name":"Uvjeti i odredbe najma"}]},{"@type":"WebSite","@id":"https:\/\/korculavelaluka.com\/#website","url":"https:\/\/korculavelaluka.com\/","name":"Tourist Info Agency - Kor\u010dula Vela Luka","description":"Transfers and rentals in Vela Luka on Korcula island Croatia.","publisher":{"@id":"https:\/\/korculavelaluka.com\/#organization"},"potentialAction":[{"@type":"SearchAction","target":{"@type":"EntryPoint","urlTemplate":"https:\/\/korculavelaluka.com\/?s={search_term_string}"},"query-input":"required name=search_term_string"}],"inLanguage":"hr"},{"@type":"Organization","@id":"https:\/\/korculavelaluka.com\/#organization","name":"TOURIST INFO Travel Agency","url":"https:\/\/korculavelaluka.com\/","logo":{"@type":"ImageObject","inLanguage":"hr","@id":"https:\/\/korculavelaluka.com\/#\/schema\/logo\/image\/","url":"https:\/\/korculavelaluka.com\/wp-content\/uploads\/2022\/04\/logo.png","contentUrl":"https:\/\/korculavelaluka.com\/wp-content\/uploads\/2022\/04\/logo.png","width":200,"height":72,"caption":"TOURIST INFO Travel Agency"},"image":{"@id":"https:\/\/korculavelaluka.com\/#\/schema\/logo\/image\/"}}]}},"_links":{"self":[{"href":"https:\/\/korculavelaluka.com\/hr\/wp-json\/wp\/v2\/pages\/1859","targetHints":{"allow":["GET"]}}],"collection":[{"href":"https:\/\/korculavelaluka.com\/hr\/wp-json\/wp\/v2\/pages"}],"about":[{"href":"https:\/\/korculavelaluka.com\/hr\/wp-json\/wp\/v2\/types\/page"}],"author":[{"embeddable":true,"href":"https:\/\/korculavelaluka.com\/hr\/wp-json\/wp\/v2\/users\/1"}],"replies":[{"embeddable":true,"href":"https:\/\/korculavelaluka.com\/hr\/wp-json\/wp\/v2\/comments?post=1859"}],"version-history":[{"count":2,"href":"https:\/\/korculavelaluka.com\/hr\/wp-json\/wp\/v2\/pages\/1859\/revisions"}],"predecessor-version":[{"id":1861,"href":"https:\/\/korculavelaluka.com\/hr\/wp-json\/wp\/v2\/pages\/1859\/revisions\/1861"}],"wp:attachment":[{"href":"https:\/\/korculavelaluka.com\/hr\/wp-json\/wp\/v2\/media?parent=1859"}],"curies":[{"name":"wp","href":"https:\/\/api.w.org\/{rel}","templated":true}]}}