{"id":1866,"date":"2022-05-02T15:44:59","date_gmt":"2022-05-02T13:44:59","guid":{"rendered":"https:\/\/korculavelaluka.com\/privacy-policy\/"},"modified":"2022-05-09T17:43:33","modified_gmt":"2022-05-09T15:43:33","slug":"pravila-privatnosti","status":"publish","type":"page","link":"https:\/\/korculavelaluka.com\/hr\/pravila-privatnosti\/","title":{"rendered":"Pravila privatnosti"},"content":{"rendered":"<p>IZJAVA O PRIVATNOSTI<\/p>\n<p>Kori\u0161tenjem web stranice Tourist Info ili bilo koje od usluga koje su tamo navedene, prihva\u0107ate ovdje navedene uvjete kori\u0161tenja. Ako se ne sla\u017eete s uvjetima kori\u0161tenja nemojte koristiti ovu stranicu.<\/p>\n<p>Izri\u010dito izjavljujem da slanjem zahtjeva i zahtjeva za rezervaciju Turisti\u010dkim informacijama dobrovoljno stavljate na raspolaganje potrebne podatke i dopu\u0161tate im da ih koriste za sve poslove koje unesete i prijavite se na Turisti\u010dki info<\/p>\n<p>1. Prikupljanje i kori\u0161tenje informacija<br \/>\nSukladno \u201eZakonu o za\u0161titi privatnosti\u201c, Turisti\u010dki info se obvezuje prikupljati osobne podatke svojih korisnika samo i isklju\u010divo uz njihovo dopu\u0161tenje iu svrhu s kojom je korisnik usluge prethodno upoznat. U svrhu realizacije tra\u017eenih usluga i pru\u017eanja potrebnih informacija u vezi s istima, Turisti\u010dki info \u0107e koristiti samo podatke koje nam osobno date. Obvezujemo se da ih ne\u0107emo prodavati, iznositi u javnost ili davati tre\u0107oj osobi na na\u010din koji nije naveden u ovoj izjavi. Svaki korisnik ima pravo u bilo kojem trenutku zatra\u017eiti brisanje ili a\u017euriranje svojih podataka, slanjem obavijesti na na\u0161 e-mail.<\/p>\n<p>2. Rezervacija usluga<br \/>\nPrilikom kori\u0161tenja na\u0161e usluge, kupnje proizvoda i sl., tra\u017eit \u0107emo osobne podatke krajnjih korisnika (ime, prezime, kontakt broj), odnosno podatke koji su nam potrebni za valjanu uslugu. Ovi podaci \u0107e se koristiti samo za realizaciju usluge i bit \u0107e dostupni samo partnerima koji sudjeluju u realizaciji usluge. Podaci o pla\u0107anju (kao \u0161to su brojevi kartica itd.) posebno su za\u0161ti\u0107eni i dostupni su samo bankama ili vlasnicima kreditnih kartica zbog potrebe za autorizacijom pla\u0107anja.<br \/>\nIzri\u010dito navodimo kada su nam potrebni va\u0161i osobni podaci. Va\u0161e osobne podatke proslje\u0111ujemo relevantnoj tre\u0107oj strani koja je pru\u017eatelj usluge koju ste platili putem Turisti\u010dkih informacija<\/p>\n<p>Podsje\u0107amo da morate biti punoljetni za obavljanje transakcija putem na\u0161ih stranica, te ovime prihva\u0107ate financijsku odgovornost za transakcije koje obavljaju vas osobe ili maloljetne osobe s prebivali\u0161tem u va\u0161em ku\u0107anstvu. Odgovorni ste za nadzor nad maloljetnicima koji ovdje koriste va\u0161e podatke te za istinitost i to\u010dnost podataka koje nam dajete za rezervaciju ili financijsku transakciju. U slu\u010daju bilo kakve zlouporabe ove stranice (uno\u0161enje la\u017ene rezervacije ili sli\u010dno) bit \u0107e onemogu\u0107en pristup na\u0161oj stranici.<\/p>\n<p>Ako primijetite da Tourist Info nije u skladu s ovim na\u010delima ili imate bilo kakve druge primjedbe na na\u010din poslovanja, javite nam na na\u0161 e-mail i ulo\u017eit \u0107emo sve ekonomski opravdane napore da istra\u017eimo i otklonimo problem \u010dim mogu\u0107e.<\/p>\n<p>Web stranica Tourist Info koristi Google Analytics za potrebe remarketinga.<\/p>\n<p>3. Ostale web stranice i kola\u010di\u0107i<br \/>\nWeb stranice Tourist Info sadr\u017ee poveznice na druge web stranice i imajte na umu da se Tourist Info ne mo\u017ee smatrati odgovornim za privatnost tih web stranica. Isti\u010demo va\u017enost Izjave o privatnosti koju mo\u017eete prona\u0107i na svim ostalim web stranicama te skre\u0107emo pozornost na sadr\u017eaj istih. Ova Izjava i Za\u0161tita privatnosti odnose se isklju\u010divo na podatke prikupljene na ovim web stranicama.<\/p>\n<p>\u0160to je kola\u010di\u0107? \u2013 Kola\u010di\u0107 je tekstualna datoteka koju va\u0161 web preglednik pohranjuje na va\u0161 tvrdi disk pri prvom posjetu stranici. To omogu\u0107uje br\u017ei prijenos ve\u0107 posje\u0107enih stranica. Kola\u010di\u0107 ne sadr\u017ei nikakve osobne podatke, ali nam poma\u017ee da vam pru\u017eimo posebne usluge dok ste na webu.<\/p>\n<p>Za\u0161to koristiti kola\u010di\u0107e? \u2013 Jedna od klju\u010dnih prednosti kola\u010di\u0107a je u\u0161teda vremena i lak\u0161a navigacija po stranici, budu\u0107i da kola\u010di\u0107 web pregledniku daje signal da ste se vratili na stranicu koja je prethodno bila u\u010ditana. Statisti\u010dki podaci o prisutnosti odre\u0111enih informacija na webu kreiraju se pomo\u0107u kola\u010di\u0107a, stoga su oni od velike va\u017enosti u prepoznavanju \u017eelja posjetitelja te nam stoga poma\u017eu u ispunjavanju interesa i \u017eelja kupaca za odre\u0111enim sadr\u017eajem na stranici. Ovdje je odjeljak za analitiku Google Analyticsa, koji se koristi isklju\u010divo za prikupljanje potrebnih informacija o uspje\u0161nosti na\u0161ih stranica na tr\u017ei\u0161tu.<br \/>\n&#8220;Kola\u010di\u0107i&#8221; su opcija koju nudi va\u0161 web preglednik. Ve\u0107ina web-preglednika postavljena je tako da automatski prihva\u0107a kola\u010di\u0107e, ali ako \u017eelite, mo\u017eete promijeniti postavke preglednika odbijanjem kola\u010di\u0107a. IP adrese se koriste u svrhu analize trendova i odr\u017eavanja Turisti\u010dkih info web stranica i nisu osobni podaci koje pojedinac mo\u017ee identificirati.<\/p>\n<p>4. Marketin\u0161ke aktivnosti<br \/>\nU slu\u010daju da se \u017eelite prijaviti za Newsletter, zatra\u017eit \u0107emo va\u0161e podatke o odobrenju, kao \u0161to su ime i adresa e-po\u0161te, koje \u0107emo koristiti samo u ove svrhe. U bilo kojem trenutku mo\u017eete se odjaviti s popisa klikom na &#8220;Odjava&#8221; na dnu e-po\u0161te ili slanjem prijave na na\u0161u e-po\u0161tu gdje \u0107e se od vas tra\u017eiti da uklonite svoje podatke s nje.<\/p>\n<p>5. Sigurnost kori\u0161tenja interneta<br \/>\nWeb stranica Tourist Info poduzima sve korake kako bi za\u0161titila podatke korisnika. Unos povjerljivih podataka potpuno je siguran i isti su za\u0161ti\u0107eni. A<\/p>\n","protected":false},"excerpt":{"rendered":"<p>IZJAVA O PRIVATNOSTI Kori\u0161tenjem web stranice Tourist Info ili bilo koje od usluga koje su tamo navedene, prihva\u0107ate ovdje navedene uvjete kori\u0161tenja. Ako se ne sla\u017eete s uvjetima kori\u0161tenja nemojte [&hellip;]<\/p>\n","protected":false},"author":1,"featured_media":0,"parent":0,"menu_order":0,"comment_status":"closed","ping_status":"closed","template":"","meta":{"footnotes":""},"class_list":["post-1866","page","type-page","status-publish","hentry"],"yoast_head":"<!-- This site is optimized with the Yoast SEO plugin v20.5 - https:\/\/yoast.com\/wordpress\/plugins\/seo\/ -->\n<title>Pravila privatnosti - Tourist Info Agency - Kor\u010dula Vela Luka<\/title>\n<meta name=\"robots\" content=\"index, follow, max-snippet:-1, max-image-preview:large, max-video-preview:-1\" \/>\n<link rel=\"canonical\" href=\"https:\/\/korculavelaluka.com\/hr\/pravila-privatnosti\/\" \/>\n<meta property=\"og:locale\" content=\"hr_HR\" \/>\n<meta property=\"og:type\" content=\"article\" \/>\n<meta property=\"og:title\" content=\"Pravila privatnosti - Tourist Info Agency - Kor\u010dula Vela Luka\" \/>\n<meta property=\"og:description\" content=\"IZJAVA O PRIVATNOSTI Kori\u0161tenjem web stranice Tourist Info ili bilo koje od usluga koje su tamo navedene, prihva\u0107ate ovdje navedene uvjete kori\u0161tenja. Ako se ne sla\u017eete s uvjetima kori\u0161tenja nemojte [&hellip;]\" \/>\n<meta property=\"og:url\" content=\"https:\/\/korculavelaluka.com\/hr\/pravila-privatnosti\/\" \/>\n<meta property=\"og:site_name\" content=\"Tourist Info Agency - Kor\u010dula Vela Luka\" \/>\n<meta property=\"article:modified_time\" content=\"2022-05-09T15:43:33+00:00\" \/>\n<meta name=\"twitter:card\" content=\"summary_large_image\" \/>\n<meta name=\"twitter:label1\" content=\"Procijenjeno vrijeme \u010ditanja\" \/>\n\t<meta name=\"twitter:data1\" content=\"4 minute\" \/>\n<script type=\"application\/ld+json\" class=\"yoast-schema-graph\">{\"@context\":\"https:\/\/schema.org\",\"@graph\":[{\"@type\":\"WebPage\",\"@id\":\"https:\/\/korculavelaluka.com\/hr\/pravila-privatnosti\/\",\"url\":\"https:\/\/korculavelaluka.com\/hr\/pravila-privatnosti\/\",\"name\":\"Pravila privatnosti - Tourist Info Agency - Kor\u010dula Vela Luka\",\"isPartOf\":{\"@id\":\"https:\/\/korculavelaluka.com\/#website\"},\"datePublished\":\"2022-05-02T13:44:59+00:00\",\"dateModified\":\"2022-05-09T15:43:33+00:00\",\"breadcrumb\":{\"@id\":\"https:\/\/korculavelaluka.com\/hr\/pravila-privatnosti\/#breadcrumb\"},\"inLanguage\":\"hr\",\"potentialAction\":[{\"@type\":\"ReadAction\",\"target\":[\"https:\/\/korculavelaluka.com\/hr\/pravila-privatnosti\/\"]}]},{\"@type\":\"BreadcrumbList\",\"@id\":\"https:\/\/korculavelaluka.com\/hr\/pravila-privatnosti\/#breadcrumb\",\"itemListElement\":[{\"@type\":\"ListItem\",\"position\":1,\"name\":\"Home\",\"item\":\"https:\/\/korculavelaluka.com\/hr\/\"},{\"@type\":\"ListItem\",\"position\":2,\"name\":\"Pravila privatnosti\"}]},{\"@type\":\"WebSite\",\"@id\":\"https:\/\/korculavelaluka.com\/#website\",\"url\":\"https:\/\/korculavelaluka.com\/\",\"name\":\"Tourist Info Agency - Kor\u010dula Vela Luka\",\"description\":\"Transfers and rentals in Vela Luka on Korcula island Croatia.\",\"publisher\":{\"@id\":\"https:\/\/korculavelaluka.com\/#organization\"},\"potentialAction\":[{\"@type\":\"SearchAction\",\"target\":{\"@type\":\"EntryPoint\",\"urlTemplate\":\"https:\/\/korculavelaluka.com\/?s={search_term_string}\"},\"query-input\":\"required name=search_term_string\"}],\"inLanguage\":\"hr\"},{\"@type\":\"Organization\",\"@id\":\"https:\/\/korculavelaluka.com\/#organization\",\"name\":\"TOURIST INFO Travel Agency\",\"url\":\"https:\/\/korculavelaluka.com\/\",\"logo\":{\"@type\":\"ImageObject\",\"inLanguage\":\"hr\",\"@id\":\"https:\/\/korculavelaluka.com\/#\/schema\/logo\/image\/\",\"url\":\"https:\/\/korculavelaluka.com\/wp-content\/uploads\/2022\/04\/logo.png\",\"contentUrl\":\"https:\/\/korculavelaluka.com\/wp-content\/uploads\/2022\/04\/logo.png\",\"width\":200,\"height\":72,\"caption\":\"TOURIST INFO Travel Agency\"},\"image\":{\"@id\":\"https:\/\/korculavelaluka.com\/#\/schema\/logo\/image\/\"}}]}<\/script>\n<!-- \/ Yoast SEO plugin. -->","yoast_head_json":{"title":"Pravila privatnosti - Tourist Info Agency - Kor\u010dula Vela Luka","robots":{"index":"index","follow":"follow","max-snippet":"max-snippet:-1","max-image-preview":"max-image-preview:large","max-video-preview":"max-video-preview:-1"},"canonical":"https:\/\/korculavelaluka.com\/hr\/pravila-privatnosti\/","og_locale":"hr_HR","og_type":"article","og_title":"Pravila privatnosti - Tourist Info Agency - Kor\u010dula Vela Luka","og_description":"IZJAVA O PRIVATNOSTI Kori\u0161tenjem web stranice Tourist Info ili bilo koje od usluga koje su tamo navedene, prihva\u0107ate ovdje navedene uvjete kori\u0161tenja. Ako se ne sla\u017eete s uvjetima kori\u0161tenja nemojte [&hellip;]","og_url":"https:\/\/korculavelaluka.com\/hr\/pravila-privatnosti\/","og_site_name":"Tourist Info Agency - Kor\u010dula Vela Luka","article_modified_time":"2022-05-09T15:43:33+00:00","twitter_card":"summary_large_image","twitter_misc":{"Procijenjeno vrijeme \u010ditanja":"4 minute"},"schema":{"@context":"https:\/\/schema.org","@graph":[{"@type":"WebPage","@id":"https:\/\/korculavelaluka.com\/hr\/pravila-privatnosti\/","url":"https:\/\/korculavelaluka.com\/hr\/pravila-privatnosti\/","name":"Pravila privatnosti - Tourist Info Agency - Kor\u010dula Vela Luka","isPartOf":{"@id":"https:\/\/korculavelaluka.com\/#website"},"datePublished":"2022-05-02T13:44:59+00:00","dateModified":"2022-05-09T15:43:33+00:00","breadcrumb":{"@id":"https:\/\/korculavelaluka.com\/hr\/pravila-privatnosti\/#breadcrumb"},"inLanguage":"hr","potentialAction":[{"@type":"ReadAction","target":["https:\/\/korculavelaluka.com\/hr\/pravila-privatnosti\/"]}]},{"@type":"BreadcrumbList","@id":"https:\/\/korculavelaluka.com\/hr\/pravila-privatnosti\/#breadcrumb","itemListElement":[{"@type":"ListItem","position":1,"name":"Home","item":"https:\/\/korculavelaluka.com\/hr\/"},{"@type":"ListItem","position":2,"name":"Pravila privatnosti"}]},{"@type":"WebSite","@id":"https:\/\/korculavelaluka.com\/#website","url":"https:\/\/korculavelaluka.com\/","name":"Tourist Info Agency - Kor\u010dula Vela Luka","description":"Transfers and rentals in Vela Luka on Korcula island Croatia.","publisher":{"@id":"https:\/\/korculavelaluka.com\/#organization"},"potentialAction":[{"@type":"SearchAction","target":{"@type":"EntryPoint","urlTemplate":"https:\/\/korculavelaluka.com\/?s={search_term_string}"},"query-input":"required name=search_term_string"}],"inLanguage":"hr"},{"@type":"Organization","@id":"https:\/\/korculavelaluka.com\/#organization","name":"TOURIST INFO Travel Agency","url":"https:\/\/korculavelaluka.com\/","logo":{"@type":"ImageObject","inLanguage":"hr","@id":"https:\/\/korculavelaluka.com\/#\/schema\/logo\/image\/","url":"https:\/\/korculavelaluka.com\/wp-content\/uploads\/2022\/04\/logo.png","contentUrl":"https:\/\/korculavelaluka.com\/wp-content\/uploads\/2022\/04\/logo.png","width":200,"height":72,"caption":"TOURIST INFO Travel Agency"},"image":{"@id":"https:\/\/korculavelaluka.com\/#\/schema\/logo\/image\/"}}]}},"_links":{"self":[{"href":"https:\/\/korculavelaluka.com\/hr\/wp-json\/wp\/v2\/pages\/1866","targetHints":{"allow":["GET"]}}],"collection":[{"href":"https:\/\/korculavelaluka.com\/hr\/wp-json\/wp\/v2\/pages"}],"about":[{"href":"https:\/\/korculavelaluka.com\/hr\/wp-json\/wp\/v2\/types\/page"}],"author":[{"embeddable":true,"href":"https:\/\/korculavelaluka.com\/hr\/wp-json\/wp\/v2\/users\/1"}],"replies":[{"embeddable":true,"href":"https:\/\/korculavelaluka.com\/hr\/wp-json\/wp\/v2\/comments?post=1866"}],"version-history":[{"count":2,"href":"https:\/\/korculavelaluka.com\/hr\/wp-json\/wp\/v2\/pages\/1866\/revisions"}],"predecessor-version":[{"id":1878,"href":"https:\/\/korculavelaluka.com\/hr\/wp-json\/wp\/v2\/pages\/1866\/revisions\/1878"}],"wp:attachment":[{"href":"https:\/\/korculavelaluka.com\/hr\/wp-json\/wp\/v2\/media?parent=1866"}],"curies":[{"name":"wp","href":"https:\/\/api.w.org\/{rel}","templated":true}]}}